{"id":611,"date":"2017-11-20T11:55:03","date_gmt":"2017-11-20T10:55:03","guid":{"rendered":"http:\/\/ceira-telecom.com\/?page_id=611"},"modified":"2017-11-21T09:52:21","modified_gmt":"2017-11-21T08:52:21","slug":"napomene","status":"publish","type":"page","link":"https:\/\/ceira-telecom.com\/sr\/napomene\/","title":{"rendered":"Napomene"},"content":{"rendered":"<script type=\"text\/javascript\">\n\trequire(['main'], function() {\n\t\trequire(['jquery', 'shortcodes\/fullwidth', 'domReady!']);\n\t});\n<\/script>\n<div class=\"lddw-fullwidth\"><div class=\"parallax-content lddw-row\"><div class=\"container-fluid\"><div class=\"row\"><div class=\"col-xs-12 col-lg-12 col-md-12 col-sm-12 grid\"><div class=\"text-center lddw-h1 lddw-title\" style=\"margin-top:0\"><div class=\"lddw-title-inner\" style=\"border-color:transparent\"><h1>Napomene<\/h1><span class=\"sep-center sep\"><\/span><\/div><\/div>\r\n<p class=\"lddw-paragraph\">Ceira Telecom posluje \u0161irom Francuske za sve vrste objekata javnog pristupa (parkirali\u0161ta, bolnice, trgova?ki centri, \u017eeljezni?ke stanice itd.). Mnogi klijenti su vec? pokazali svoje poverenje u nas i imamo neke dobre preporuke na na\u0161e ime: proizvodnju vec?ine lokacija Indigo (?etrdeset parkirali\u0161ta, ispu\u0161tanje PTI sistema i ukupno odr\u017eavanje), sve K Park lokacije (rad i odr\u017eavanje) , brojna druga parkirali\u0161ta (park Urbis, Parcub, Lion Parc Auto itd.) i mnogi drugi javni objekti. Na\u0161e dostignuc?a mo\u017eete videti na mapi ispod. <\/p>\t<div class=\"normal lddw-spacer\">\n\t<\/div>\n    <iframe loading=\"lazy\" src=\"https:\/\/www.google.com\/maps\/d\/u\/0\/embed?mid=1LsXIuwMDKWPKnBjOmof-bMpBIDE\" width=\"100%\" height=\"480\"><\/iframe><\/div><\/div><\/div><\/div><\/div>\r\n<div class=\"lddw-fullwidth\" style=\"background-color:#0a7399;color:#ffffff\"><div class=\"parallax-content lddw-row\"><div class=\"container-fluid\"><div class=\"row\"><div class=\"col-xs-12 col-lg-12 col-md-12 col-sm-12 grid\">\r\n<p class=\"text-center lddw-paragraph\" style=\"font-size:1.2em\">Da ste uvereni u na\u0161a dostignuc?a? Kontaktirajte nas kako bismo zajedno razgovarali o va\u0161em projektu.<\/p>\t<div class=\"normal lddw-spacer\">\n\t<\/div>\n    \r\n<script type=\"text\/javascript\">\n\trequire(['main'], function() {\n\t\trequire(['jquery', 'shortcodes\/button', 'domReady!']);\n\t});\n<\/script>\n\n\t\t<div class=\"text-center lddw-button-wrapper\">\n\n\t\n\t<a href=\"\/sr\/kontakt\/\" class=\"lddw-normal lddw-button\" style=\"background-color:#ffffff;color:#0a7399;fill:#0a7399;border-color:#ffffff\" data-button=\"hover_color:#ffffff background_hover_color:#0946a0 border_color:#ffffff\">\n\n\t\tKontaktirajte nas\t<\/a>\n\n\t\n\t<\/div>\n\n\r\n<\/div><\/div><\/div><\/div><\/div>","protected":false},"excerpt":{"rendered":"","protected":false},"author":1,"featured_media":0,"parent":0,"menu_order":0,"comment_status":"closed","ping_status":"closed","template":"page-100-width.php","meta":{"footnotes":""},"class_list":["post-611","page","type-page","status-publish","hentry"],"yoast_head":"<!-- This site is optimized with the Yoast SEO plugin v24.3 - https:\/\/yoast.com\/wordpress\/plugins\/seo\/ -->\n<title>Na\u0161a dostignu\u0107a - Ceira Telecom<\/title>\n<meta name=\"description\" content=\"Ceira Telecom posluje \u0161irom Francuske za sve vrste javnih zgrada. Evo pregleda na\u0161ih dostignuc\u0301a.\" \/>\n<meta name=\"robots\" content=\"index, follow, max-snippet:-1, max-image-preview:large, max-video-preview:-1\" \/>\n<link rel=\"canonical\" href=\"https:\/\/ceira-telecom.com\/references\/\" \/>\n<meta property=\"og:locale\" content=\"sr_RS\" \/>\n<meta property=\"og:type\" content=\"article\" \/>\n<meta property=\"og:title\" content=\"Na\u0161a dostignu\u0107a - Ceira Telecom\" \/>\n<meta property=\"og:description\" content=\"Ceira Telecom posluje \u0161irom Francuske za sve vrste javnih zgrada. Evo pregleda na\u0161ih dostignuc\u0301a.\" \/>\n<meta property=\"og:url\" content=\"https:\/\/ceira-telecom.com\/references\/\" \/>\n<meta property=\"og:site_name\" content=\"Ceira Telecom\" \/>\n<meta property=\"article:modified_time\" content=\"2017-11-21T08:52:21+00:00\" \/>\n<meta name=\"twitter:card\" content=\"summary_large_image\" \/>\n<meta name=\"twitter:label1\" content=\"\u041f\u0440\u043e\u0446\u0435\u045a\u0435\u043d\u043e \u0432\u0440\u0435\u043c\u0435 \u0447\u0438\u0442\u0430\u045a\u0430\" \/>\n\t<meta name=\"twitter:data1\" content=\"1 \u043c\u0438\u043d\u0443\u0442\" \/>\n<script type=\"application\/ld+json\" class=\"yoast-schema-graph\">{\"@context\":\"https:\/\/schema.org\",\"@graph\":[{\"@type\":\"WebPage\",\"@id\":\"https:\/\/ceira-telecom.com\/references\/\",\"url\":\"https:\/\/ceira-telecom.com\/references\/\",\"name\":\"Na\u0161a dostignu\u0107a - Ceira Telecom\",\"isPartOf\":{\"@id\":\"https:\/\/ceira-telecom.com\/#website\"},\"datePublished\":\"2017-11-20T10:55:03+00:00\",\"dateModified\":\"2017-11-21T08:52:21+00:00\",\"description\":\"Ceira Telecom posluje \u0161irom Francuske za sve vrste javnih zgrada. Evo pregleda na\u0161ih dostignuc\u0301a.\",\"breadcrumb\":{\"@id\":\"https:\/\/ceira-telecom.com\/references\/#breadcrumb\"},\"inLanguage\":\"sr-RS\",\"potentialAction\":[{\"@type\":\"ReadAction\",\"target\":[\"https:\/\/ceira-telecom.com\/references\/\"]}]},{\"@type\":\"BreadcrumbList\",\"@id\":\"https:\/\/ceira-telecom.com\/references\/#breadcrumb\",\"itemListElement\":[{\"@type\":\"ListItem\",\"position\":1,\"name\":\"Accueil\",\"item\":\"https:\/\/ceira-telecom.com\/\"},{\"@type\":\"ListItem\",\"position\":2,\"name\":\"Napomene\"}]},{\"@type\":\"WebSite\",\"@id\":\"https:\/\/ceira-telecom.com\/#website\",\"url\":\"https:\/\/ceira-telecom.com\/\",\"name\":\"Ceira Telecom\",\"description\":\"\",\"publisher\":{\"@id\":\"https:\/\/ceira-telecom.com\/#organization\"},\"potentialAction\":[{\"@type\":\"SearchAction\",\"target\":{\"@type\":\"EntryPoint\",\"urlTemplate\":\"https:\/\/ceira-telecom.com\/?s={search_term_string}\"},\"query-input\":{\"@type\":\"PropertyValueSpecification\",\"valueRequired\":true,\"valueName\":\"search_term_string\"}}],\"inLanguage\":\"sr-RS\"},{\"@type\":\"Organization\",\"@id\":\"https:\/\/ceira-telecom.com\/#organization\",\"name\":\"Ceira Telecom\",\"url\":\"https:\/\/ceira-telecom.com\/\",\"logo\":{\"@type\":\"ImageObject\",\"inLanguage\":\"sr-RS\",\"@id\":\"https:\/\/ceira-telecom.com\/#\/schema\/logo\/image\/\",\"url\":\"https:\/\/ceira-telecom.com\/wp-content\/uploads\/2025\/04\/8f30a1b7-7eaa-48ff-a2b1-605415cc76fd.png\",\"contentUrl\":\"https:\/\/ceira-telecom.com\/wp-content\/uploads\/2025\/04\/8f30a1b7-7eaa-48ff-a2b1-605415cc76fd.png\",\"width\":544,\"height\":123,\"caption\":\"Ceira Telecom\"},\"image\":{\"@id\":\"https:\/\/ceira-telecom.com\/#\/schema\/logo\/image\/\"}}]}<\/script>\n<!-- \/ Yoast SEO plugin. -->","yoast_head_json":{"title":"Na\u0161a dostignu\u0107a - Ceira Telecom","description":"Ceira Telecom posluje \u0161irom Francuske za sve vrste javnih zgrada. Evo pregleda na\u0161ih dostignuc\u0301a.","robots":{"index":"index","follow":"follow","max-snippet":"max-snippet:-1","max-image-preview":"max-image-preview:large","max-video-preview":"max-video-preview:-1"},"canonical":"https:\/\/ceira-telecom.com\/references\/","og_locale":"sr_RS","og_type":"article","og_title":"Na\u0161a dostignu\u0107a - Ceira Telecom","og_description":"Ceira Telecom posluje \u0161irom Francuske za sve vrste javnih zgrada. Evo pregleda na\u0161ih dostignuc\u0301a.","og_url":"https:\/\/ceira-telecom.com\/references\/","og_site_name":"Ceira Telecom","article_modified_time":"2017-11-21T08:52:21+00:00","twitter_card":"summary_large_image","twitter_misc":{"\u041f\u0440\u043e\u0446\u0435\u045a\u0435\u043d\u043e \u0432\u0440\u0435\u043c\u0435 \u0447\u0438\u0442\u0430\u045a\u0430":"1 \u043c\u0438\u043d\u0443\u0442"},"schema":{"@context":"https:\/\/schema.org","@graph":[{"@type":"WebPage","@id":"https:\/\/ceira-telecom.com\/references\/","url":"https:\/\/ceira-telecom.com\/references\/","name":"Na\u0161a dostignu\u0107a - Ceira Telecom","isPartOf":{"@id":"https:\/\/ceira-telecom.com\/#website"},"datePublished":"2017-11-20T10:55:03+00:00","dateModified":"2017-11-21T08:52:21+00:00","description":"Ceira Telecom posluje \u0161irom Francuske za sve vrste javnih zgrada. Evo pregleda na\u0161ih dostignuc\u0301a.","breadcrumb":{"@id":"https:\/\/ceira-telecom.com\/references\/#breadcrumb"},"inLanguage":"sr-RS","potentialAction":[{"@type":"ReadAction","target":["https:\/\/ceira-telecom.com\/references\/"]}]},{"@type":"BreadcrumbList","@id":"https:\/\/ceira-telecom.com\/references\/#breadcrumb","itemListElement":[{"@type":"ListItem","position":1,"name":"Accueil","item":"https:\/\/ceira-telecom.com\/"},{"@type":"ListItem","position":2,"name":"Napomene"}]},{"@type":"WebSite","@id":"https:\/\/ceira-telecom.com\/#website","url":"https:\/\/ceira-telecom.com\/","name":"Ceira Telecom","description":"","publisher":{"@id":"https:\/\/ceira-telecom.com\/#organization"},"potentialAction":[{"@type":"SearchAction","target":{"@type":"EntryPoint","urlTemplate":"https:\/\/ceira-telecom.com\/?s={search_term_string}"},"query-input":{"@type":"PropertyValueSpecification","valueRequired":true,"valueName":"search_term_string"}}],"inLanguage":"sr-RS"},{"@type":"Organization","@id":"https:\/\/ceira-telecom.com\/#organization","name":"Ceira Telecom","url":"https:\/\/ceira-telecom.com\/","logo":{"@type":"ImageObject","inLanguage":"sr-RS","@id":"https:\/\/ceira-telecom.com\/#\/schema\/logo\/image\/","url":"https:\/\/ceira-telecom.com\/wp-content\/uploads\/2025\/04\/8f30a1b7-7eaa-48ff-a2b1-605415cc76fd.png","contentUrl":"https:\/\/ceira-telecom.com\/wp-content\/uploads\/2025\/04\/8f30a1b7-7eaa-48ff-a2b1-605415cc76fd.png","width":544,"height":123,"caption":"Ceira Telecom"},"image":{"@id":"https:\/\/ceira-telecom.com\/#\/schema\/logo\/image\/"}}]}},"_links":{"self":[{"href":"https:\/\/ceira-telecom.com\/sr\/wp-json\/wp\/v2\/pages\/611","targetHints":{"allow":["GET"]}}],"collection":[{"href":"https:\/\/ceira-telecom.com\/sr\/wp-json\/wp\/v2\/pages"}],"about":[{"href":"https:\/\/ceira-telecom.com\/sr\/wp-json\/wp\/v2\/types\/page"}],"author":[{"embeddable":true,"href":"https:\/\/ceira-telecom.com\/sr\/wp-json\/wp\/v2\/users\/1"}],"replies":[{"embeddable":true,"href":"https:\/\/ceira-telecom.com\/sr\/wp-json\/wp\/v2\/comments?post=611"}],"version-history":[{"count":0,"href":"https:\/\/ceira-telecom.com\/sr\/wp-json\/wp\/v2\/pages\/611\/revisions"}],"wp:attachment":[{"href":"https:\/\/ceira-telecom.com\/sr\/wp-json\/wp\/v2\/media?parent=611"}],"curies":[{"name":"wp","href":"https:\/\/api.w.org\/{rel}","templated":true}]}}