{"id":601,"date":"2017-11-20T11:14:00","date_gmt":"2017-11-20T10:14:00","guid":{"rendered":"http:\/\/ceira-telecom.com\/?page_id=601"},"modified":"2017-11-21T09:33:12","modified_gmt":"2017-11-21T08:33:12","slug":"privatni-radio","status":"publish","type":"page","link":"https:\/\/ceira-telecom.com\/sr\/privatni-radio\/","title":{"rendered":"PRIVATNI RADIO"},"content":{"rendered":"<script type=\"text\/javascript\">\n\trequire(['main'], function() {\n\t\trequire(['jquery', 'shortcodes\/fullwidth', 'domReady!']);\n\t});\n<\/script>\n<div class=\"lddw-main-image lddw-parallax lddw-fullwidth\" data-parallax=\"mode:parallax speed:0.2\" style=\"height:480px;background-repeat:no-repeat;background-image:url(&#039;\/wp-content\/uploads\/2017\/09\/radio-privee.jpg&#039;);background-position:50% -1px;background-attachment:fixed;background-size:cover\"><div class=\"parallax-content lddw-row\"><div class=\"container-fluid\"><div class=\"row\"><div class=\"col-xs-12 col-lg-12 col-md-12 col-sm-12 grid\"><h1>Privatna radio komunikacija : za\u0161tita individualnih radnika, komunikacija izme?u vi\u0161e sajtova<\/h1><\/div><\/div><\/div><\/div><\/div>\r\n<div class=\"lddw-fullwidth\"><div class=\"parallax-content lddw-row\"><div class=\"container-fluid\"><div class=\"row\"><div class=\"col-xs-12 col-lg-12 col-md-12 col-sm-12 grid\">\r\n<div class=\"lddw-columns row\">\r\n<div class=\"lddw-column col-xs-12 col-sm-8 col-md-8 col-lg-8\">\r\n<p class=\"lddw-paragraph\"><strong>Ceira Telecom<\/strong> obezbe?uje privatne sisteme radiokomunikacija vatrogasnoj brigadi, policijskim snagama, vlastima i generalno svim profesionalcima koji tra\u017ee pouzdanu radio komunikaciju.<\/p>\r\n<p class=\"lddw-paragraph\">Radimo na svim va\u0161im radio komunikacijama ili problemima prenosa podataka.<\/p>\r\n<ul>\r\n\t<li><strong>?uvanje Va\u0161ih agenata<\/strong>: za\u0161tita radnika za\u0161tic?ena od strane pti dati telefona.<\/li>\r\n\t<li><strong>Stalna usluga<\/strong>: obezbedite autonomiju servisa u slu?aju nestanka struje ili dozvolite svojim agentima da budu kontaktirani u ?itavom gradu.<\/li>\r\n\t<li><strong>Poverljivost komunikacija<\/strong>: tako da neovla\u0161c?ena trec?a lica ne mogu slu\u0161ati Va\u0161e komunikacije.<\/li>\r\n\t<li>Ostali problemi: geolokalizacija, pomoc? pri parkiranju (pomoc? u svemiru), povezivanje radija sa &#8222;telefonskim sistemom&#8220;, itd.<\/li>\r\n<\/ul>\r\n<\/div>\r\n<div class=\"lddw-column col-xs-12 col-sm-4 col-md-4 col-lg-4\"><script type=\"text\/javascript\">\n\trequire(['main'], function() {\n\t\trequire(['jquery', 'shortcodes\/gallery', 'domReady!']);\n\t});\n<\/script>\n\t<div class=\"lddw-gallery masonry-wrapper portfolio-list\">\n\n\t\t<div class=\"entry-list masonry masonry-cols-1\"\n\t\t\t data-lddw-masonry=\"layout:masonry-cols-1\">\n\n\t\t\t<div class=\"entry-sizer\"><\/div>\n\n\t\t\t\t\t\t<article class=\"entry-item\" data-gallery=\"0\">\n\t\t\t\t<a class=\"wrapper visible\" href=\"https:\/\/ceira-telecom.com\/wp-content\/uploads\/2017\/10\/pompier.jpg\">\n\t\t\t\t\t<figure class=\"entry-figure\">\n\t\t\t\t\t\t<div class=\"lddw-media\">\n\t\t\t\t\t\t\t<img decoding=\"async\" src=\"https:\/\/ceira-telecom.com\/wp-content\/uploads\/2017\/10\/pompier.jpg\" class=\"attachment-full-lddw size-full-lddw\" alt=\"\" srcset=\"https:\/\/ceira-telecom.com\/wp-content\/uploads\/2017\/10\/pompier.jpg 548w, https:\/\/ceira-telecom.com\/wp-content\/uploads\/2017\/10\/pompier-300x274.jpg 300w\" sizes=\"(max-width: 548px) 100vw, 548px\" \/>\t\t\t\t\t\t<\/div>\n\t\t\t\t\t\t<div class=\"lddw-bg-overlay lddw-opacity-90\"><\/div>\n\t\t\t\t\t\t<figcaption class=\"post-info\">\n\t\t\t\t\t\t\t<div class=\"post-info-content\">\n\t\t\t\t\t\t\t\t<h3 class=\"lddw-fast-transition entry-title lddw-stylish-title\">&nbsp;<\/h3>\n\t\t\t\t\t\t\t\t<div class=\"lddw-hover-icon\">\n\t\t\t\t\t\t\t\t\t<i class=\"overlay-icon fa fa-search\"><\/i>\n\t\t\t\t\t\t\t\t<\/div>\n\t\t\t\t\t\t\t\t<div class=\"lddw-fast-transition entry-category lddw-stylish-title\">&nbsp;<\/div>\n\t\t\t\t\t\t\t<\/div>\n\t\t\t\t\t\t<\/figcaption>\n\t\t\t\t\t<\/figure>\n\t\t\t\t<\/a>\n\t\t\t\t\t\t\t<\/article>\n\t\t\t\n\t\t<\/div><!-- .masonry-wrapper -->\n\n\t\t<p class=\"text-center masonry-load-more-content hidden\">\n\t\t\t<span class=\"loader\">Loading...<\/span>\n\t\t<\/p><!-- .masonry-load-more-content -->\n\n\t<\/div>\n\t<\/div>\r\n<\/div>\t<div class=\"medium lddw-spacer\">\n\t<\/div>\n    \r\n<div class=\"equal-height lddw-columns row\">\r\n<div class=\"text-center vertical-align middle lddw-column col-xs-12 col-sm-4 col-md-4 col-lg-4\"><img decoding=\"async\" class=\"img-responsive\" src=\"\/img\/logo-motorola.jpg\" alt=\"\" style=\"max-width:250px\" \/><\/div>\r\n<div class=\"vertical-align middle lddw-column col-xs-12 col-sm-8 col-md-8 col-lg-8\"><p class=\"lddw-paragraph\" style=\"font-size:1.2em\"><strong>Mi preferiramo MOTOROLA proizvode, svetskog lidera.<\/strong><\/p><\/div>\r\n<\/div>\r\n<p class=\"lddw-paragraph\">Zajedno mo\u017eemo prou?iti svaki konkretan problem koji imate i nac?i re\u0161enje za to. Ne oklevajte da nas kontaktirate!<\/p>\t<div class=\"normal lddw-spacer\">\n\t<\/div>\n    \r\n\n\t\t<div class=\"text-center lddw-button-wrapper\">\n\n\t\n\t<a href=\"\/sr\/kontakt\/\" class=\"lddw-normal lddw-button responsive\">\n\n\t\tKontaktirajte nas\t<\/a>\n\n\t\n\t<\/div>\n\n\r\n<\/div><\/div><\/div><\/div><\/div>\r\n<div class=\"lddw-fullwidth\" style=\"background-color:#0a7399;color:#ffffff\"><div class=\"parallax-content lddw-row\"><div class=\"container-fluid\"><div class=\"row\"><div class=\"col-xs-12 col-lg-12 col-md-12 col-sm-12 grid\"><div class=\"text-center lddw-h2 lddw-title\"><div class=\"lddw-title-inner\" style=\"border-color:transparent\"><h2 style=\"color:#ffffff\">Snimak iz blizine za\u0161tite individualnih radnika: pti dati telefon<\/h2><span class=\"sep-center sep\" style=\"background-color:#ffffff\"><\/span><\/div><\/div><p class=\"lddw-paragraph\"><strong>PTI (ure?aj za za\u0161titu individualnih radnika) DATI (telefonski ure?aj za upozorenje na radnike)<\/strong> mo\u017ee da odr\u017ei bilo koga da sigurno radi sam u rizi?nom okru\u017eenju zahvaljujuc?i alarmu koji se \u0161alje putem radio-kanala.<strong> Pti dati telefon<\/strong> mo\u017ee reagovati na radnika koji padne zbog vrtoglavice, na primer, ili u dugom periodu ukoliko se ne pomera ili se mo\u017ee namerno aktivirati. Prenosni ure?aj upuc?uje alarm kako bi signalizirao da je osoba u opasnosti. Jedan pti dati telefon tako mo\u017ee spasiti \u017eivot Va\u0161ih radnika!<\/p>\t<div class=\"normal lddw-spacer\">\n\t<\/div>\n    \r\n<div class=\"equal-height lddw-columns row\"><div class=\"text-center vertical-align middle lddw-column col-xs-12 col-sm-8 col-md-8 col-lg-8\">\r\n<p class=\"lddw-paragraph\" style=\"font-size:1.2em\">Da li ste zainteresovani za za\u0161titu individualnih radnika ? <strong>Ceira Telecom<\/strong> je tu da Vas podr\u017ei u ovoj inicijativi.<\/p>\r\n<\/div>\r\n<div class=\"text-center vertical-align middle lddw-column col-xs-12 col-sm-4 col-md-4 col-lg-4\">\r\n<script type=\"text\/javascript\">\n\trequire(['main'], function() {\n\t\trequire(['jquery', 'shortcodes\/button', 'domReady!']);\n\t});\n<\/script>\n\n\t\t<div class=\"text-center lddw-button-wrapper\">\n\n\t\n\t<a id=\"mutualisation\" href=\"\/sr\/kontakt\/\" class=\"lddw-normal lddw-button\" style=\"background-color:#ffffff;color:#0a7399;fill:#0a7399;border-color:#ffffff\" data-button=\"hover_color:#ffffff background_hover_color:#0946a0 border_color:#ffffff\">\n\n\t\t\u017delim da se informi\u0161em\t<\/a>\n\n\t\n\t<\/div>\n\n\r\n<\/div>\r\n<\/div>\r\n<\/div><\/div><\/div><\/div><\/div>\r\n<div class=\"lddw-fullwidth\"><div class=\"parallax-content lddw-row\"><div class=\"container-fluid\"><div class=\"row\"><div class=\"col-xs-12 col-lg-12 col-md-12 col-sm-12 grid\">\r\n<div class=\"text-center lddw-h2 lddw-title\"><div class=\"lddw-title-inner\" style=\"border-color:transparent\"><h2>U\u0161tedite novac udru\u017eivanjem Va\u0161e kontinuirane radio komunikacijske opreme<\/h2><span class=\"sep-center sep\"><\/span><\/div><\/div>\r\n<div class=\"lddw-columns row\">\r\n<div class=\"lddw-column col-xs-12 col-sm-10 col-md-10 col-lg-10\">\r\n<p class=\"lddw-paragraph\">Ako je Va\u0161a struktura vec? opremljena sistemom kontinuirane radio-komunikacije, Ceira Telecom mo\u017ee da koristi instaliranu vazdu\u0161nu mre\u017eu da bi instalirala privatni radio. Ovo grupiranje <strong>mo\u017ee u\u0161tedeti 20 do 60%<\/strong> po <strong>tro\u0161ku instaliranja<\/strong> privatnog radija preko samostalnog sistema.<\/p>\r\n<p class=\"lddw-paragraph\">Udru\u017eivanje je moguc?e i obratno (instalacija kontinuirane radio komunikacije putem privatne radio opreme) ako je Va\u0161 privatni radio instaliran od strane Ceira Telecom-a.<\/p>\r\n<\/div>\r\n<div class=\"lddw-column col-xs-12 col-sm-2 col-md-2 col-lg-2\"><img decoding=\"async\" class=\"img-responsive\" src=\"\/img\/icon-save-money.png\" alt=\"\" \/><\/div>\r\n<\/div>\r\n<\/div><\/div><\/div><\/div><\/div>\r\n<div class=\"lddw-fullwidth\" style=\"background-color:#0a7399;color:#ffffff\"><div class=\"parallax-content lddw-row\"><div class=\"container-fluid\"><div class=\"row\"><div class=\"col-xs-12 col-lg-12 col-md-12 col-sm-12 grid\">\r\n<div class=\"text-center lddw-h2 lddw-title\"><div class=\"lddw-title-inner\" style=\"border-color:transparent\"><h2 style=\"color:#ffffff\">Veliki izbor dodatne opreme<\/h2><span class=\"sep-center sep\" style=\"background-color:#ffffff\"><\/span><\/div><\/div>\r\n<p class=\"lddw-paragraph\" style=\"color:#ffffff\">Ceira Telecom nudi \u0161irok izbor dodatne opreme za Va\u0161 privatni radio: tastature, slu\u0161alice i sl. Odaberite iz na\u0161eg kataloga i ne oklevajte da nas kontaktirate sa najmanjim pitanjem.<\/p>\t<div class=\"normal lddw-spacer\">\n\t<\/div>\n    <p class=\"text-center lddw-paragraph\"><span class=\u201clddw-button\u201d>Katalog ?e biti dostupan uskoro<\/span><\/p>\r\n<\/div><\/div><\/div><\/div><\/div>\r\n<div class=\"lddw-fullwidth\"><div class=\"parallax-content lddw-row\"><div class=\"container-fluid\"><div class=\"row\"><div class=\"col-xs-12 col-lg-12 col-md-12 col-sm-12 grid\">\r\n<p class=\"text-center lddw-paragraph\" style=\"font-size:1.2em\">Da li treba da instalirate privatnu mre\u017eu radiokomunikacija u okviru Va\u0161e ustanove? Va\u0161e potrebe izgledaju komplikovano?<br \/>\r\nKontaktirajte nas i zajedno c?emo razgovarati o va\u0161em projektu.<\/p>\t<div class=\"normal lddw-spacer\">\n\t<\/div>\n    \n\t\t<div class=\"text-center lddw-button-wrapper\">\n\n\t\n\t<a href=\"\/sr\/kontakt\/\" class=\"lddw-normal lddw-button responsive\">\n\n\t\tKontaktirajte nas\t<\/a>\n\n\t\n\t<\/div>\n\n\r\n<\/div><\/div><\/div><\/div><\/div>","protected":false},"excerpt":{"rendered":"","protected":false},"author":1,"featured_media":0,"parent":0,"menu_order":0,"comment_status":"closed","ping_status":"closed","template":"page-100-width.php","meta":{"footnotes":""},"class_list":["post-601","page","type-page","status-publish","hentry"],"yoast_head":"<!-- This site is optimized with the Yoast SEO plugin v24.3 - https:\/\/yoast.com\/wordpress\/plugins\/seo\/ -->\n<title>Za\u0161tita individualnog radnika - pti dati telefon - Ceira Telecom<\/title>\n<meta name=\"description\" content=\"Ceira Telecom nudi postavljanje privatnih mre\u017ea radiokomunikacije, na primer kako bi osigurala za\u0161titu radnika.\" \/>\n<meta name=\"robots\" content=\"index, follow, max-snippet:-1, max-image-preview:large, max-video-preview:-1\" \/>\n<link rel=\"canonical\" href=\"https:\/\/ceira-telecom.com\/protection-travailleur-isole\/\" \/>\n<meta property=\"og:locale\" content=\"sr_RS\" \/>\n<meta property=\"og:type\" content=\"article\" \/>\n<meta property=\"og:title\" content=\"Za\u0161tita individualnog radnika - pti dati telefon - Ceira Telecom\" \/>\n<meta property=\"og:description\" content=\"Ceira Telecom nudi postavljanje privatnih mre\u017ea radiokomunikacije, na primer kako bi osigurala za\u0161titu radnika.\" \/>\n<meta property=\"og:url\" content=\"https:\/\/ceira-telecom.com\/protection-travailleur-isole\/\" \/>\n<meta property=\"og:site_name\" content=\"Ceira Telecom\" \/>\n<meta property=\"article:modified_time\" content=\"2017-11-21T08:33:12+00:00\" \/>\n<meta name=\"twitter:card\" content=\"summary_large_image\" \/>\n<meta name=\"twitter:label1\" content=\"\u041f\u0440\u043e\u0446\u0435\u045a\u0435\u043d\u043e \u0432\u0440\u0435\u043c\u0435 \u0447\u0438\u0442\u0430\u045a\u0430\" \/>\n\t<meta name=\"twitter:data1\" content=\"3 \u043c\u0438\u043d\u0443\u0442\u0430\" \/>\n<script type=\"application\/ld+json\" class=\"yoast-schema-graph\">{\"@context\":\"https:\/\/schema.org\",\"@graph\":[{\"@type\":\"WebPage\",\"@id\":\"https:\/\/ceira-telecom.com\/protection-travailleur-isole\/\",\"url\":\"https:\/\/ceira-telecom.com\/protection-travailleur-isole\/\",\"name\":\"Za\u0161tita individualnog radnika - pti dati telefon - Ceira Telecom\",\"isPartOf\":{\"@id\":\"https:\/\/ceira-telecom.com\/#website\"},\"datePublished\":\"2017-11-20T10:14:00+00:00\",\"dateModified\":\"2017-11-21T08:33:12+00:00\",\"description\":\"Ceira Telecom nudi postavljanje privatnih mre\u017ea radiokomunikacije, na primer kako bi osigurala za\u0161titu radnika.\",\"breadcrumb\":{\"@id\":\"https:\/\/ceira-telecom.com\/protection-travailleur-isole\/#breadcrumb\"},\"inLanguage\":\"sr-RS\",\"potentialAction\":[{\"@type\":\"ReadAction\",\"target\":[\"https:\/\/ceira-telecom.com\/protection-travailleur-isole\/\"]}]},{\"@type\":\"BreadcrumbList\",\"@id\":\"https:\/\/ceira-telecom.com\/protection-travailleur-isole\/#breadcrumb\",\"itemListElement\":[{\"@type\":\"ListItem\",\"position\":1,\"name\":\"Accueil\",\"item\":\"https:\/\/ceira-telecom.com\/\"},{\"@type\":\"ListItem\",\"position\":2,\"name\":\"PRIVATNI RADIO\"}]},{\"@type\":\"WebSite\",\"@id\":\"https:\/\/ceira-telecom.com\/#website\",\"url\":\"https:\/\/ceira-telecom.com\/\",\"name\":\"Ceira Telecom\",\"description\":\"\",\"publisher\":{\"@id\":\"https:\/\/ceira-telecom.com\/#organization\"},\"potentialAction\":[{\"@type\":\"SearchAction\",\"target\":{\"@type\":\"EntryPoint\",\"urlTemplate\":\"https:\/\/ceira-telecom.com\/?s={search_term_string}\"},\"query-input\":{\"@type\":\"PropertyValueSpecification\",\"valueRequired\":true,\"valueName\":\"search_term_string\"}}],\"inLanguage\":\"sr-RS\"},{\"@type\":\"Organization\",\"@id\":\"https:\/\/ceira-telecom.com\/#organization\",\"name\":\"Ceira Telecom\",\"url\":\"https:\/\/ceira-telecom.com\/\",\"logo\":{\"@type\":\"ImageObject\",\"inLanguage\":\"sr-RS\",\"@id\":\"https:\/\/ceira-telecom.com\/#\/schema\/logo\/image\/\",\"url\":\"https:\/\/ceira-telecom.com\/wp-content\/uploads\/2025\/04\/8f30a1b7-7eaa-48ff-a2b1-605415cc76fd.png\",\"contentUrl\":\"https:\/\/ceira-telecom.com\/wp-content\/uploads\/2025\/04\/8f30a1b7-7eaa-48ff-a2b1-605415cc76fd.png\",\"width\":544,\"height\":123,\"caption\":\"Ceira Telecom\"},\"image\":{\"@id\":\"https:\/\/ceira-telecom.com\/#\/schema\/logo\/image\/\"}}]}<\/script>\n<!-- \/ Yoast SEO plugin. -->","yoast_head_json":{"title":"Za\u0161tita individualnog radnika - pti dati telefon - Ceira Telecom","description":"Ceira Telecom nudi postavljanje privatnih mre\u017ea radiokomunikacije, na primer kako bi osigurala za\u0161titu radnika.","robots":{"index":"index","follow":"follow","max-snippet":"max-snippet:-1","max-image-preview":"max-image-preview:large","max-video-preview":"max-video-preview:-1"},"canonical":"https:\/\/ceira-telecom.com\/protection-travailleur-isole\/","og_locale":"sr_RS","og_type":"article","og_title":"Za\u0161tita individualnog radnika - pti dati telefon - Ceira Telecom","og_description":"Ceira Telecom nudi postavljanje privatnih mre\u017ea radiokomunikacije, na primer kako bi osigurala za\u0161titu radnika.","og_url":"https:\/\/ceira-telecom.com\/protection-travailleur-isole\/","og_site_name":"Ceira Telecom","article_modified_time":"2017-11-21T08:33:12+00:00","twitter_card":"summary_large_image","twitter_misc":{"\u041f\u0440\u043e\u0446\u0435\u045a\u0435\u043d\u043e \u0432\u0440\u0435\u043c\u0435 \u0447\u0438\u0442\u0430\u045a\u0430":"3 \u043c\u0438\u043d\u0443\u0442\u0430"},"schema":{"@context":"https:\/\/schema.org","@graph":[{"@type":"WebPage","@id":"https:\/\/ceira-telecom.com\/protection-travailleur-isole\/","url":"https:\/\/ceira-telecom.com\/protection-travailleur-isole\/","name":"Za\u0161tita individualnog radnika - pti dati telefon - Ceira Telecom","isPartOf":{"@id":"https:\/\/ceira-telecom.com\/#website"},"datePublished":"2017-11-20T10:14:00+00:00","dateModified":"2017-11-21T08:33:12+00:00","description":"Ceira Telecom nudi postavljanje privatnih mre\u017ea radiokomunikacije, na primer kako bi osigurala za\u0161titu radnika.","breadcrumb":{"@id":"https:\/\/ceira-telecom.com\/protection-travailleur-isole\/#breadcrumb"},"inLanguage":"sr-RS","potentialAction":[{"@type":"ReadAction","target":["https:\/\/ceira-telecom.com\/protection-travailleur-isole\/"]}]},{"@type":"BreadcrumbList","@id":"https:\/\/ceira-telecom.com\/protection-travailleur-isole\/#breadcrumb","itemListElement":[{"@type":"ListItem","position":1,"name":"Accueil","item":"https:\/\/ceira-telecom.com\/"},{"@type":"ListItem","position":2,"name":"PRIVATNI RADIO"}]},{"@type":"WebSite","@id":"https:\/\/ceira-telecom.com\/#website","url":"https:\/\/ceira-telecom.com\/","name":"Ceira Telecom","description":"","publisher":{"@id":"https:\/\/ceira-telecom.com\/#organization"},"potentialAction":[{"@type":"SearchAction","target":{"@type":"EntryPoint","urlTemplate":"https:\/\/ceira-telecom.com\/?s={search_term_string}"},"query-input":{"@type":"PropertyValueSpecification","valueRequired":true,"valueName":"search_term_string"}}],"inLanguage":"sr-RS"},{"@type":"Organization","@id":"https:\/\/ceira-telecom.com\/#organization","name":"Ceira Telecom","url":"https:\/\/ceira-telecom.com\/","logo":{"@type":"ImageObject","inLanguage":"sr-RS","@id":"https:\/\/ceira-telecom.com\/#\/schema\/logo\/image\/","url":"https:\/\/ceira-telecom.com\/wp-content\/uploads\/2025\/04\/8f30a1b7-7eaa-48ff-a2b1-605415cc76fd.png","contentUrl":"https:\/\/ceira-telecom.com\/wp-content\/uploads\/2025\/04\/8f30a1b7-7eaa-48ff-a2b1-605415cc76fd.png","width":544,"height":123,"caption":"Ceira Telecom"},"image":{"@id":"https:\/\/ceira-telecom.com\/#\/schema\/logo\/image\/"}}]}},"_links":{"self":[{"href":"https:\/\/ceira-telecom.com\/sr\/wp-json\/wp\/v2\/pages\/601","targetHints":{"allow":["GET"]}}],"collection":[{"href":"https:\/\/ceira-telecom.com\/sr\/wp-json\/wp\/v2\/pages"}],"about":[{"href":"https:\/\/ceira-telecom.com\/sr\/wp-json\/wp\/v2\/types\/page"}],"author":[{"embeddable":true,"href":"https:\/\/ceira-telecom.com\/sr\/wp-json\/wp\/v2\/users\/1"}],"replies":[{"embeddable":true,"href":"https:\/\/ceira-telecom.com\/sr\/wp-json\/wp\/v2\/comments?post=601"}],"version-history":[{"count":0,"href":"https:\/\/ceira-telecom.com\/sr\/wp-json\/wp\/v2\/pages\/601\/revisions"}],"wp:attachment":[{"href":"https:\/\/ceira-telecom.com\/sr\/wp-json\/wp\/v2\/media?parent=601"}],"curies":[{"name":"wp","href":"https:\/\/api.w.org\/{rel}","templated":true}]}}