{"id":588,"date":"2017-11-20T10:28:52","date_gmt":"2017-11-20T09:28:52","guid":{"rendered":"http:\/\/ceira-telecom.com\/?page_id=588"},"modified":"2017-11-21T09:30:53","modified_gmt":"2017-11-21T08:30:53","slug":"kontinuirana-radio-komunikacija","status":"publish","type":"page","link":"https:\/\/ceira-telecom.com\/sr\/kontinuirana-radio-komunikacija\/","title":{"rendered":"Kontinuirana radio komunikacija"},"content":{"rendered":"<script type=\"text\/javascript\">\n\trequire(['main'], function() {\n\t\trequire(['jquery', 'shortcodes\/fullwidth', 'domReady!']);\n\t});\n<\/script>\n<div class=\"lddw-main-image lddw-parallax lddw-fullwidth\" data-parallax=\"mode:parallax speed:0.2\" style=\"height:480px;background-repeat:no-repeat;background-image:url(&#039;\/wp-content\/uploads\/2017\/09\/bg-radio-continuite.jpg&#039;);background-position:50% -1px;background-attachment:fixed;background-size:cover\"><div class=\"parallax-content lddw-row\"><div class=\"container-fluid\"><div class=\"row\"><div class=\"col-xs-12 col-lg-12 col-md-12 col-sm-12 grid\"><h1>Kontinuirana radio komunikacija<\/h1><\/div><\/div><\/div><\/div><\/div>\r\n<div class=\"lddw-fullwidth\"><div class=\"parallax-content lddw-row\"><div class=\"container-fluid\"><div class=\"row\"><div class=\"col-xs-12 col-lg-12 col-md-12 col-sm-12 grid\">\r\n<p class=\"lddw-paragraph\"><a href=\"\/docs\/arrete-28-mai-2015.pdf\" rel=\"noopener\" target=\"_blank\">Uredba od 28. maja 2015.<\/a> godine postavlja nove propise za <strong>kontinuiranu radio komunikaciju<\/strong> izmenom<a href=\"\/sr\/nouvel-article-ms71-continuite-des-communications-radioelectriques-dans-les-erp\/\"> ?lana MS71<\/a>. Izmijenjen ?lan MS71 postavlja nova pravila o kontinuitetu radioelektri?nih komunikacija u zgradama javnog pristupa.<\/p>\r\n\t<div class=\"medium lddw-spacer\">\n\t<\/div>\n    \r\n<div class=\"lddw-columns row\">\r\n<div class=\"lddw-column col-xs-12 col-sm-6 col-md-6 col-lg-6\"><script type=\"text\/javascript\">\n\trequire(['main'], function() {\n\t\trequire(['jquery', 'vendor\/bootstrap', 'domReady!']);\n\t});\n<\/script>\n\t<div class=\"lddw-collapse\">\n\t\t<div class=\"lddw-collapse-wrapper-button\" style=\"text-align:center\">\n\t\t\t<button class=\"lddw-button\" type=\"button\" data-toggle=\"collapse\" data-target=\"#lddw-69de693e6382a\"\n\t\t\t\t\taria-expanded=\"false\" aria-controls=\"lddw-69de693e6382a\">Saznajte vi\u0161e<\/button>\n\t\t<\/div>\n\t\t<div class=\"lddw-collapse-inner collapse\" id=\"lddw-69de693e6382a\">\n\t\t\t<div class=\"lddw-collapse-content\"  style=\"text-align:left\">\n\t\t\t\t<p class=\"lddw-paragraph\">Ukratko, ova naredba obavezuje ili odobrava od 1. jula 2015. godine da:<\/p>\r\n<ul>\r\n\t<li>Lokacije sa jednim podrumskim nivoom nisu obuhvac?ene propisima<\/li>\r\n\t<li>Po?etna merenja moraju biti ponovo prou?ena ili ponovljena<\/li>\r\n\t<li>Lokacije manje od 25.000 m2 pokrivene su <a href=\"#solution-passive\">pasivnim re\u0161enjem<\/a><\/li>\r\n\t<li>Lokacije ve?e od 25.000 m2 pokrivene su aktivnim re\u0161enjem<\/li>\r\n\t<li>Aktivna re\u0161enja uklju?uju Repeaters ili RIF<\/li>\r\n\t<li>SIS su konsultovani<\/li>\r\n\t<li>Stru?na kompanija poput Ceira Telecom-a vr\u0161i godi\u0161nje <a href=\"#prestations\">odr\u017eavanje<\/a> i merenje. Ta?ne ispravke za rad treba ubaciti u dnevnik sigurnosti.<\/li><\/ul>\t\t\t<\/div>\n\t\t\t<div class=\"lddw-collapse-background\"><\/div>\n\t\t<\/div>\n\t<\/div>\n\t<\/div>\r\n<div class=\"lddw-column col-xs-12 col-sm-6 col-md-6 col-lg-6\">\n\t\t<div class=\"text-center lddw-button-wrapper\">\n\n\t\n\t<a href=\"\/docs\/arrete-28-mai-2015.pdf\" class=\"lddw-normal lddw-button responsive\" style=\"text-transform:uppercase\" target=\"_blank\">\n\n\t\t<i id=\"69de693e638f4\" class=\"button-icon item-icon fa fa-download\"><\/i>Preuzmite nalog\t<\/a>\n\n\t\n\t<\/div>\n\n<\/div>\r\n<\/div>\r\n<\/div><\/div><\/div><\/div><\/div>\r\n<div class=\"lddw-fullwidth\" style=\"background-color:#0a7399;color:#ffffff\"><div class=\"parallax-content lddw-row\"><div class=\"container-fluid\"><div class=\"row\"><div class=\"col-xs-12 col-lg-12 col-md-12 col-sm-12 grid\">\r\n<div class=\"text-center lddw-h2 lddw-title\"><div class=\"lddw-title-inner\" style=\"border-color:transparent\"><h2 style=\"color:#ffffff\">Va\u0161i zahtevi za kontinuiranu komunikaciju<\/h2><span class=\"sep-center sep\" style=\"background-color:#ffffff\"><\/span><\/div><\/div>\r\n<p class=\"lddw-paragraph\" style=\"color:#ffffff\">Ako ste u jednoj od sledec?ih situacija, Ceira Telecom ima re\u0161enje za vas:<\/p>\r\n<ul>\r\n\t<li>Tek sam saznao o kontinuiranoj radio komunikaciji i treba mi podr\u0161ka u ovom problemu &#8211; komisija za sigurnost mi je zatra\u017eila da proverim uskla?enost mog javnog pristupa<\/li>\r\n\t<li>Kontrolno telo mi je reklo da napravim kompatibilnost sa javnim pristupom<\/li>\r\n\t<li id=\"prestations\">Moram da odr\u017eavam svoje kontinuirane komunikacione kapacitete<\/li>\r\n<\/ul><p class=\"lddw-paragraph\" style=\"font-size:1.2em\">Da li Vam se ovo ?ini komplikovano ? Ne brinite, <strong>Ceira Telecom<\/strong> je tu da Vam pomogne! <\/p>\t<div class=\"medium lddw-spacer\">\n\t<\/div>\n    <script type=\"text\/javascript\">\n\trequire(['main'], function() {\n\t\trequire(['jquery', 'shortcodes\/button', 'domReady!']);\n\t});\n<\/script>\n\n\t\t<div class=\"text-center lddw-button-wrapper\">\n\n\t\n\t<a href=\"\/sr\/kontakt\/\" class=\"lddw-normal lddw-button\" style=\"background-color:#ffffff;color:#0a7399;fill:#0a7399;border-color:#ffffff\" data-button=\"hover_color:#ffffff background_hover_color:#0946a0 border_color:#ffffff\">\n\n\t\tKontaktirajte nas\t<\/a>\n\n\t\n\t<\/div>\n\n\r\n<\/div><\/div><\/div><\/div><\/div>\r\n<div class=\"lddw-fullwidth\"><div class=\"parallax-content lddw-row\"><div class=\"container-fluid\"><div class=\"row\"><div class=\"col-xs-12 col-lg-12 col-md-12 col-sm-12 grid\"><div class=\"text-center lddw-h2 lddw-title\"><div class=\"lddw-title-inner\" style=\"border-color:transparent\"><h2>Na\u0161e kontinuirane radio komunikacijske usluge<\/h2><span class=\"sep-center sep\"><\/span><\/div><\/div>\r\n<p class=\"lddw-paragraph\">Ceira Telecom vam olak\u0161ava \u017eivot pru\u017eajuc?i usluge na \u2018klju?\u2019. Na\u0161a stru?nost je dovoljno \u0161iroka da Vas podr\u017ei od po?etka do kraja va\u0161eg projekta.<\/p>\r\n<ul>\r\n\t<li><strong>kontinuirana studija uskla?enosti radio komunikacija<\/strong><br \/>Ceira Telecom sprovodi prethodna merenja koja ukazuju na nivo usagla\u0161enosti Va\u0161e zgrade za javni pristup i savetuje Vas da li treba da nastavite sa tehni?kom instalacijom ili ne.<\/li>\r\n\t<li><strong>Administrativne vrednosti<\/strong><br \/>Ceira Telecom proizvodi pakete dizajna u skladu sa Va\u0161im potrebama i obavlja sve obavezne administrativne korake.<\/li>\r\n\t<li><strong>Rad na po\u0161tovanju kontinuirane radio komunikacije<\/strong><br \/>Ceira Telecom obavlja <a href=\"#mise-en-conformite\">rad na po\u0161tovanju kontinuirane radio-komunikacije<\/a>, uklju?ujuc?i i finalizaciju pu\u0161tanja u pogon bez zadr\u017eavanja.<\/li>\r\n\t<li id=\"mise-en-conformite\"><strong>Odr\u017eavanje<\/strong><br \/>Ceira Telecom odr\u017eava va\u0161u veb lokaciju i izdaje obavezne ispravne sertifikate o radu za komisiju sigurnosti kako i propisuje zakon.<\/li><\/ul><\/div><\/div><\/div><\/div><\/div>\r\n<div class=\"lddw-fullwidth\" style=\"background-color:#0a7399;color:#ffffff\"><div class=\"parallax-content lddw-row\"><div class=\"container-fluid\"><div class=\"row\"><div class=\"col-xs-12 col-lg-12 col-md-12 col-sm-12 grid\">\r\n<div class=\"text-center lddw-h2 lddw-title\"><div class=\"lddw-title-inner\" style=\"border-color:transparent\"><h2 style=\"color:#ffffff\">Na\u0161a re\u0161enja za uskla?ivanje kontinuirane radio komunikacije<\/h2><span class=\"sep-center sep\" style=\"background-color:#ffffff\"><\/span><\/div><\/div>\r\n<p class=\"lddw-paragraph\" style=\"color:#ffffff\">Bez obzira na povr\u0161inu Va\u0161eg javnog pristupa, Ceira Telecom ima re\u0161enje kako bi ga usaglasio :<\/p>\r\n<ul>\r\n\t<li>Za lokacije manje od 25.000 m2, koristimo  <a class=\"lddw-white-link\" href=\"#solution-passive\">pasivno re\u0161enje<\/a>razvijeno u partnerstvu sa Airbus DS SLC. Pasivno re\u0161enje ?ini 90% na\u0161ih instalacija.<\/li>\r\n\t<li id=\"solution-passive\">Za lokacije vec?e od 25.000 m2, koristimo aktivno re\u0161enje (10% na\u0161ih instalacija): repetitori ili RIF.<\/li>\r\n<\/ul><p class=\"lddw-paragraph\" style=\"font-size:1.2em\">Ceira Telecom nalazi najefikasnije i najjeftinije moguc?e re\u0161enje za vas!<\/p>\t<div class=\"medium lddw-spacer\">\n\t<\/div>\n    \n\t\t<div class=\"text-center lddw-button-wrapper\">\n\n\t\n\t<a href=\"\/sr\/kontakt\/\" class=\"lddw-normal lddw-button\" style=\"background-color:#ffffff;color:#0a7399;fill:#0a7399;border-color:#ffffff\" data-button=\"hover_color:#ffffff background_hover_color:#0946a0 border_color:#ffffff\">\n\n\t\t\u017deleo bih da radim sa Ceira Telecom\t<\/a>\n\n\t\n\t<\/div>\n\n\r\n<\/div><\/div><\/div><\/div><\/div>\r\n<div class=\"lddw-fullwidth\"><div class=\"parallax-content lddw-row\"><div class=\"container-fluid\"><div class=\"row\"><div class=\"col-xs-12 col-lg-12 col-md-12 col-sm-12 grid\"><div class=\"text-center lddw-h2 lddw-title\"><div class=\"lddw-title-inner\" style=\"border-color:transparent\"><h2>Pasivno re\u0161enje: Airbus pasivna kutija<\/h2><span class=\"sep-center sep\"><\/span><\/div><\/div>\r\n<p class=\"lddw-paragraph\">Re\u0161enje za sve javne zgrade ispod 25.000 m2!<\/p>\r\n<p class=\"lddw-paragraph\">Pasivna kutija, razvijena u partnerstvu sa Airbus DS SLC-om, dizajnerom INPT mre\u017ee i dobavlja?em portabli za vatrogasne brigade: <strong>najbolja kutija na tr\u017ei\u0161tu po najboljoj ceni i ispunjavanju standarda EZ<\/strong>.<\/p>\r\n<p class=\"lddw-paragraph\">Instalirana na ulazu u zgradu, u blizini kontrola, ova kutija komunicira u direktnom re\u017eimu sa podru?jima koja se nalaze u infrastrukturama. Vatrogasci mogu da komuniciraju kako bi osigurali njihovu sigurnost i sigurnost svojih korisnika. Kutija Airbus vi\u0161e ne zavisi od ograni?enja spolja\u0161nje mre\u017ee. Jednostavna za kori\u0161c?enje, ?ime se optimizuje efikasnost hitnih slu\u017ebi.<br \/>\r\nSa ovom pasivnom kutijom Airbus-a, mo\u017eete biti sigurni o originalnoj servisnoj prodaji, jer proizvo?a? garantuje svoju opremu. Mo\u017eete biti sigurni da Va\u0161a oprema nec?e prerano zastariti: nadogradnje su planirane u skladu sa ugovorom o odr\u017eavanju.<\/p>\r\n<div class=\"equal-height lddw-columns row\">\r\n<div class=\"vertical-align middle lddw-column col-xs-12 col-sm-8 col-md-8 col-lg-8\">\r\n<script type=\"text\/javascript\">\n\trequire(['main'], function() {\n\t\trequire(['jquery', 'shortcodes\/box', 'domReady!']);\n\t});\n<\/script>\n    <div class=\"lddw-boxes\">\n\n        <div class=\"box-wrapper\" style=\"background-color:#dddddd\">\n\n            \n            <div class=\"box-desc\" style=\"margin-top:0;\" >\n\n   \t\t\t \n                <h3 class=\"box-title\" style=\"font-size:20px;color:#000000\">Prednosti koje je ?ine najboljom kutijom na tr\u017ei\u0161tu<\/h3>\n\n    \t\t\n\t\t\t<div class=\"box-content\" style=\"color:#000000\">&#8211; Pouzdanost: Airbus DS proizvod<br \/>\r\n&#8211; Na tr\u017ei\u0161tu je samo CE standardna nadgradljiva kutija<br \/>\r\n&#8211; 20% jeftinije od aktivnog rastvora repetitora<br \/>\r\n&#8211; moguc?nost <a href=\"\/sr\/privatni-radio\/#mutualisation\">povezivanja<\/a> sa privatnim radio-ure?ajem<\/div>\n\n                \n            <\/div>\n\n        <\/div>\n\n    <\/div>\n\r\n<\/div>\r\n<div class=\"vertical-align middle lddw-column col-xs-12 col-sm-4 col-md-4 col-lg-4\"><script type=\"text\/javascript\">\n\trequire(['main'], function() {\n\t\trequire(['jquery', 'shortcodes\/gallery', 'domReady!']);\n\t});\n<\/script>\n\t<div class=\"lddw-gallery masonry-wrapper portfolio-list\">\n\n\t\t<div class=\"entry-list masonry masonry-cols-1\"\n\t\t\t data-lddw-masonry=\"layout:masonry-cols-1\">\n\n\t\t\t<div class=\"entry-sizer\"><\/div>\n\n\t\t\t\t\t\t<article class=\"entry-item\" data-gallery=\"0\">\n\t\t\t\t<a class=\"wrapper visible\" href=\"https:\/\/ceira-telecom.com\/wp-content\/uploads\/2017\/09\/solution-passive.jpg\">\n\t\t\t\t\t<figure class=\"entry-figure\">\n\t\t\t\t\t\t<div class=\"lddw-media\">\n\t\t\t\t\t\t\t<img decoding=\"async\" src=\"https:\/\/ceira-telecom.com\/wp-content\/uploads\/2017\/09\/solution-passive.jpg\" class=\"attachment-full-lddw size-full-lddw\" alt=\"\" srcset=\"https:\/\/ceira-telecom.com\/wp-content\/uploads\/2017\/09\/solution-passive.jpg 557w, https:\/\/ceira-telecom.com\/wp-content\/uploads\/2017\/09\/solution-passive-300x225.jpg 300w\" sizes=\"(max-width: 557px) 100vw, 557px\" \/>\t\t\t\t\t\t<\/div>\n\t\t\t\t\t\t<div class=\"lddw-bg-overlay lddw-opacity-90\"><\/div>\n\t\t\t\t\t\t<figcaption class=\"post-info\">\n\t\t\t\t\t\t\t<div class=\"post-info-content\">\n\t\t\t\t\t\t\t\t<h3 class=\"lddw-fast-transition entry-title lddw-stylish-title\">&nbsp;<\/h3>\n\t\t\t\t\t\t\t\t<div class=\"lddw-hover-icon\">\n\t\t\t\t\t\t\t\t\t<i class=\"overlay-icon fa fa-search\"><\/i>\n\t\t\t\t\t\t\t\t<\/div>\n\t\t\t\t\t\t\t\t<div class=\"lddw-fast-transition entry-category lddw-stylish-title\">&nbsp;<\/div>\n\t\t\t\t\t\t\t<\/div>\n\t\t\t\t\t\t<\/figcaption>\n\t\t\t\t\t<\/figure>\n\t\t\t\t<\/a>\n\t\t\t\t\t\t\t<\/article>\n\t\t\t\n\t\t<\/div><!-- .masonry-wrapper -->\n\n\t\t<p class=\"text-center masonry-load-more-content hidden\">\n\t\t\t<span class=\"loader\">Loading...<\/span>\n\t\t<\/p><!-- .masonry-load-more-content -->\n\n\t<\/div>\n\t<\/div>\r\n<\/div>\r\n<\/div><\/div><\/div><\/div><\/div>\r\n<div class=\"lddw-fullwidth\" style=\"background-color:#0a7399;color:#ffffff\"><div class=\"parallax-content lddw-row\"><div class=\"container-fluid\"><div class=\"row\"><div class=\"col-xs-12 col-lg-12 col-md-12 col-sm-12 grid\"><p class=\"lddw-paragraph\" style=\"font-size:1.2em\">Da li Vam treba studija uskla?enosti kontinuirane radio komunikacije? Potrebno je da se Va\u0161 gradski pristup usaglasi?<\/p><p class=\"lddw-paragraph\" style=\"font-size:1.2em\">Ceira Telecom, sa svojim partnerima uklju?ujuc?i i Airbus-DS, je kompanija koja je najpovoljnija za odgovore na Va\u0161a pitanja i podr\u017eava Vas u uspostavljanju kontinuirane radio komunikacije u javnom pristupu.<\/p>\t<div class=\"normal lddw-spacer\">\n\t<\/div>\n    \n\t\t<div class=\"text-center lddw-button-wrapper\">\n\n\t\n\t<a href=\"\/sr\/kontakt\/\" class=\"lddw-normal lddw-button\" style=\"background-color:#ffffff;color:#0a7399;fill:#0a7399;border-color:#ffffff\" data-button=\"hover_color:#ffffff background_hover_color:#0946a0 border_color:#ffffff\">\n\n\t\tJa imam poverenja u Ceira Telecom\t<\/a>\n\n\t\n\t<\/div>\n\n<\/div><\/div><\/div><\/div><\/div>","protected":false},"excerpt":{"rendered":"","protected":false},"author":1,"featured_media":0,"parent":0,"menu_order":0,"comment_status":"closed","ping_status":"closed","template":"page-100-width.php","meta":{"footnotes":""},"class_list":["post-588","page","type-page","status-publish","hentry"],"yoast_head":"<!-- This site is optimized with the Yoast SEO plugin v24.3 - https:\/\/yoast.com\/wordpress\/plugins\/seo\/ -->\n<title>Kontinuirana radio komunikacija - Ceira Telecom<\/title>\n<meta name=\"description\" content=\"Ceira Telecom nudi uslugu na &quot;klju\u010d&quot; za studije i saglasnosti za kontinuiranu radio komunikacije Va\u0161e izgradnje javnog pristupa.\" \/>\n<meta name=\"robots\" content=\"index, follow, max-snippet:-1, max-image-preview:large, max-video-preview:-1\" \/>\n<link rel=\"canonical\" href=\"https:\/\/ceira-telecom.com\/radio-continuite\/\" \/>\n<meta property=\"og:locale\" content=\"sr_RS\" \/>\n<meta property=\"og:type\" content=\"article\" \/>\n<meta property=\"og:title\" content=\"Kontinuirana radio komunikacija - Ceira Telecom\" \/>\n<meta property=\"og:description\" content=\"Ceira Telecom nudi uslugu na &quot;klju\u010d&quot; za studije i saglasnosti za kontinuiranu radio komunikacije Va\u0161e izgradnje javnog pristupa.\" \/>\n<meta property=\"og:url\" content=\"https:\/\/ceira-telecom.com\/radio-continuite\/\" \/>\n<meta property=\"og:site_name\" content=\"Ceira Telecom\" \/>\n<meta property=\"article:modified_time\" content=\"2017-11-21T08:30:53+00:00\" \/>\n<meta name=\"twitter:card\" content=\"summary_large_image\" \/>\n<meta name=\"twitter:label1\" content=\"\u041f\u0440\u043e\u0446\u0435\u045a\u0435\u043d\u043e \u0432\u0440\u0435\u043c\u0435 \u0447\u0438\u0442\u0430\u045a\u0430\" \/>\n\t<meta name=\"twitter:data1\" content=\"5 \u043c\u0438\u043d\u0443\u0442\u0430\" \/>\n<script type=\"application\/ld+json\" class=\"yoast-schema-graph\">{\"@context\":\"https:\/\/schema.org\",\"@graph\":[{\"@type\":\"WebPage\",\"@id\":\"https:\/\/ceira-telecom.com\/radio-continuite\/\",\"url\":\"https:\/\/ceira-telecom.com\/radio-continuite\/\",\"name\":\"Kontinuirana radio komunikacija - Ceira Telecom\",\"isPartOf\":{\"@id\":\"https:\/\/ceira-telecom.com\/#website\"},\"datePublished\":\"2017-11-20T09:28:52+00:00\",\"dateModified\":\"2017-11-21T08:30:53+00:00\",\"description\":\"Ceira Telecom nudi uslugu na \\\"klju\u010d\\\" za studije i saglasnosti za kontinuiranu radio komunikacije Va\u0161e izgradnje javnog pristupa.\",\"breadcrumb\":{\"@id\":\"https:\/\/ceira-telecom.com\/radio-continuite\/#breadcrumb\"},\"inLanguage\":\"sr-RS\",\"potentialAction\":[{\"@type\":\"ReadAction\",\"target\":[\"https:\/\/ceira-telecom.com\/radio-continuite\/\"]}]},{\"@type\":\"BreadcrumbList\",\"@id\":\"https:\/\/ceira-telecom.com\/radio-continuite\/#breadcrumb\",\"itemListElement\":[{\"@type\":\"ListItem\",\"position\":1,\"name\":\"Accueil\",\"item\":\"https:\/\/ceira-telecom.com\/\"},{\"@type\":\"ListItem\",\"position\":2,\"name\":\"Kontinuirana radio komunikacija\"}]},{\"@type\":\"WebSite\",\"@id\":\"https:\/\/ceira-telecom.com\/#website\",\"url\":\"https:\/\/ceira-telecom.com\/\",\"name\":\"Ceira Telecom\",\"description\":\"\",\"publisher\":{\"@id\":\"https:\/\/ceira-telecom.com\/#organization\"},\"potentialAction\":[{\"@type\":\"SearchAction\",\"target\":{\"@type\":\"EntryPoint\",\"urlTemplate\":\"https:\/\/ceira-telecom.com\/?s={search_term_string}\"},\"query-input\":{\"@type\":\"PropertyValueSpecification\",\"valueRequired\":true,\"valueName\":\"search_term_string\"}}],\"inLanguage\":\"sr-RS\"},{\"@type\":\"Organization\",\"@id\":\"https:\/\/ceira-telecom.com\/#organization\",\"name\":\"Ceira Telecom\",\"url\":\"https:\/\/ceira-telecom.com\/\",\"logo\":{\"@type\":\"ImageObject\",\"inLanguage\":\"sr-RS\",\"@id\":\"https:\/\/ceira-telecom.com\/#\/schema\/logo\/image\/\",\"url\":\"https:\/\/ceira-telecom.com\/wp-content\/uploads\/2025\/04\/8f30a1b7-7eaa-48ff-a2b1-605415cc76fd.png\",\"contentUrl\":\"https:\/\/ceira-telecom.com\/wp-content\/uploads\/2025\/04\/8f30a1b7-7eaa-48ff-a2b1-605415cc76fd.png\",\"width\":544,\"height\":123,\"caption\":\"Ceira Telecom\"},\"image\":{\"@id\":\"https:\/\/ceira-telecom.com\/#\/schema\/logo\/image\/\"}}]}<\/script>\n<!-- \/ Yoast SEO plugin. -->","yoast_head_json":{"title":"Kontinuirana radio komunikacija - Ceira Telecom","description":"Ceira Telecom nudi uslugu na \"klju\u010d\" za studije i saglasnosti za kontinuiranu radio komunikacije Va\u0161e izgradnje javnog pristupa.","robots":{"index":"index","follow":"follow","max-snippet":"max-snippet:-1","max-image-preview":"max-image-preview:large","max-video-preview":"max-video-preview:-1"},"canonical":"https:\/\/ceira-telecom.com\/radio-continuite\/","og_locale":"sr_RS","og_type":"article","og_title":"Kontinuirana radio komunikacija - Ceira Telecom","og_description":"Ceira Telecom nudi uslugu na \"klju\u010d\" za studije i saglasnosti za kontinuiranu radio komunikacije Va\u0161e izgradnje javnog pristupa.","og_url":"https:\/\/ceira-telecom.com\/radio-continuite\/","og_site_name":"Ceira Telecom","article_modified_time":"2017-11-21T08:30:53+00:00","twitter_card":"summary_large_image","twitter_misc":{"\u041f\u0440\u043e\u0446\u0435\u045a\u0435\u043d\u043e \u0432\u0440\u0435\u043c\u0435 \u0447\u0438\u0442\u0430\u045a\u0430":"5 \u043c\u0438\u043d\u0443\u0442\u0430"},"schema":{"@context":"https:\/\/schema.org","@graph":[{"@type":"WebPage","@id":"https:\/\/ceira-telecom.com\/radio-continuite\/","url":"https:\/\/ceira-telecom.com\/radio-continuite\/","name":"Kontinuirana radio komunikacija - Ceira Telecom","isPartOf":{"@id":"https:\/\/ceira-telecom.com\/#website"},"datePublished":"2017-11-20T09:28:52+00:00","dateModified":"2017-11-21T08:30:53+00:00","description":"Ceira Telecom nudi uslugu na \"klju\u010d\" za studije i saglasnosti za kontinuiranu radio komunikacije Va\u0161e izgradnje javnog pristupa.","breadcrumb":{"@id":"https:\/\/ceira-telecom.com\/radio-continuite\/#breadcrumb"},"inLanguage":"sr-RS","potentialAction":[{"@type":"ReadAction","target":["https:\/\/ceira-telecom.com\/radio-continuite\/"]}]},{"@type":"BreadcrumbList","@id":"https:\/\/ceira-telecom.com\/radio-continuite\/#breadcrumb","itemListElement":[{"@type":"ListItem","position":1,"name":"Accueil","item":"https:\/\/ceira-telecom.com\/"},{"@type":"ListItem","position":2,"name":"Kontinuirana radio komunikacija"}]},{"@type":"WebSite","@id":"https:\/\/ceira-telecom.com\/#website","url":"https:\/\/ceira-telecom.com\/","name":"Ceira Telecom","description":"","publisher":{"@id":"https:\/\/ceira-telecom.com\/#organization"},"potentialAction":[{"@type":"SearchAction","target":{"@type":"EntryPoint","urlTemplate":"https:\/\/ceira-telecom.com\/?s={search_term_string}"},"query-input":{"@type":"PropertyValueSpecification","valueRequired":true,"valueName":"search_term_string"}}],"inLanguage":"sr-RS"},{"@type":"Organization","@id":"https:\/\/ceira-telecom.com\/#organization","name":"Ceira Telecom","url":"https:\/\/ceira-telecom.com\/","logo":{"@type":"ImageObject","inLanguage":"sr-RS","@id":"https:\/\/ceira-telecom.com\/#\/schema\/logo\/image\/","url":"https:\/\/ceira-telecom.com\/wp-content\/uploads\/2025\/04\/8f30a1b7-7eaa-48ff-a2b1-605415cc76fd.png","contentUrl":"https:\/\/ceira-telecom.com\/wp-content\/uploads\/2025\/04\/8f30a1b7-7eaa-48ff-a2b1-605415cc76fd.png","width":544,"height":123,"caption":"Ceira Telecom"},"image":{"@id":"https:\/\/ceira-telecom.com\/#\/schema\/logo\/image\/"}}]}},"_links":{"self":[{"href":"https:\/\/ceira-telecom.com\/sr\/wp-json\/wp\/v2\/pages\/588","targetHints":{"allow":["GET"]}}],"collection":[{"href":"https:\/\/ceira-telecom.com\/sr\/wp-json\/wp\/v2\/pages"}],"about":[{"href":"https:\/\/ceira-telecom.com\/sr\/wp-json\/wp\/v2\/types\/page"}],"author":[{"embeddable":true,"href":"https:\/\/ceira-telecom.com\/sr\/wp-json\/wp\/v2\/users\/1"}],"replies":[{"embeddable":true,"href":"https:\/\/ceira-telecom.com\/sr\/wp-json\/wp\/v2\/comments?post=588"}],"version-history":[{"count":0,"href":"https:\/\/ceira-telecom.com\/sr\/wp-json\/wp\/v2\/pages\/588\/revisions"}],"wp:attachment":[{"href":"https:\/\/ceira-telecom.com\/sr\/wp-json\/wp\/v2\/media?parent=588"}],"curies":[{"name":"wp","href":"https:\/\/api.w.org\/{rel}","templated":true}]}}