{"id":581,"date":"2017-11-20T10:19:33","date_gmt":"2017-11-20T09:19:33","guid":{"rendered":"http:\/\/ceira-telecom.com\/?page_id=581"},"modified":"2017-11-20T10:26:15","modified_gmt":"2017-11-20T09:26:15","slug":"nase-vrednosti","status":"publish","type":"page","link":"https:\/\/ceira-telecom.com\/sr\/o-nama\/nase-vrednosti\/","title":{"rendered":"Na\u0161e vrednosti"},"content":{"rendered":"<script type=\"text\/javascript\">\n\trequire(['main'], function() {\n\t\trequire(['jquery', 'shortcodes\/fullwidth', 'domReady!']);\n\t});\n<\/script>\n<div class=\"lddw-main-image lddw-parallax lddw-fullwidth\" data-parallax=\"mode:parallax speed:0.2\" style=\"height:480px;background-repeat:no-repeat;background-image:url(&#039;\/wp-content\/uploads\/2017\/10\/ecologie.jpg&#039;);background-position:50% -1px;background-attachment:fixed;background-size:cover\"><div class=\"parallax-content lddw-row\"><div class=\"container-fluid\"><div class=\"row\"><div class=\"col-xs-12 col-lg-12 col-md-12 col-sm-12 grid\"><h1>Ceira Telecom, odgovoran korporativni gra?anin<\/h1><\/div><\/div><\/div><\/div><\/div>\r\n<div class=\"lddw-fullwidth\"><div class=\"parallax-content lddw-row\"><div class=\"container-fluid\"><div class=\"row\"><div class=\"col-xs-12 col-lg-12 col-md-12 col-sm-12 grid\"><div class=\"text-center lddw-h2 lddw-title\"><div class=\"lddw-title-inner\" style=\"border-color:transparent\"><h2>Z\u00e9ro CO2 u poslovnom putovanju<\/h2><span class=\"sep-center sep\"><\/span><\/div><\/div><div class=\"alignright\"><img loading=\"lazy\" decoding=\"async\" src=\"\/wp-content\/uploads\/2017\/09\/Logo-Goodplanet-300x88.jpg\" alt=\"\" width=\"300\" height=\"88\" class=\"block size-medium wp-image-296\" srcset=\"https:\/\/ceira-telecom.com\/wp-content\/uploads\/2017\/09\/Logo-Goodplanet-300x88.jpg 300w, https:\/\/ceira-telecom.com\/wp-content\/uploads\/2017\/09\/Logo-Goodplanet-768x226.jpg 768w, https:\/\/ceira-telecom.com\/wp-content\/uploads\/2017\/09\/Logo-Goodplanet.jpg 1000w\" sizes=\"auto, (max-width: 300px) 100vw, 300px\" \/>\t<div class=\"normal lddw-spacer\">\n\t<\/div>\n    <img loading=\"lazy\" decoding=\"async\" src=\"\/wp-content\/uploads\/2017\/09\/sunny-studio-300.jpg\" alt=\"\" width=\"300\" height=\"200\" class=\"block size-full wp-image-294\" \/><\/div><p class=\"lddw-paragraph\">Ceira Telecom \u017eeli da pro\u0161iri svoj razvoj oko fundamentalne vrednosti &#8211; odgovornosti. Stoga rast na\u0161e kompanije mora ic?i ruku pod ruku uz konstantno razmatranje pitanja \u017eivotne sredine, uglavnom radi za\u0161tite prirodnih resursa na\u0161e planete i pomoc?i u op\u0161tim naporima za borbu protiv globalnog zagrevanja. <\/p>\r\n<p class=\"lddw-paragraph\">Smanjenje emisije CO2 izazvane ljudskim aktivnostima predstavlja veliki izazov za ?ove?anstvo. Kompanija Ceira Telecom odlu?ila je da pokrene dru\u0161tvenu i ekolo\u0161ku odgovornost i da svoj doprinos i postane od 1. januara 2015. godine  kompanija koja ima <strong>ZERO CO2 u poslovnom putovanju<\/strong>. Svake godine kvantifikujemo sve emisije CO2 iz na\u0161eg poslovnog putovanja (automobila, aviona, kamiona, vozova) i potpuno ih kompenzujemo da budu &#8222;Zero CO2&#8220;. Kako? Podr\u017eavamo akciju Action Carbon Solidaire (Joint Carbon Action), koju pokrec?e GoodPlanet Fondacija. Ovo finansira konkretne projekte za ubla\u017eavanje ugljenika koji su sponzorisane od strane NVO-a u zemljama u razvoju u korist najranjivijih populacija: izgradnja rezervoara za biogas u ju\u017enom Maliju (2015) i renoviranje osnovne \u0161kole u Oulad Merzougu u Maroku kako bi ga pretvorili u bioklimatsku \u0161kolu (2016). <\/p>\r\n<p class=\"lddw-paragraph\">To su uglavnom velike kompanije koje su uklju?ile ove socijalne i ekolo\u0161ke brige u svoju strategiju. Ponosni smo \u0161to smo jedan od prvih malih i srednjih preduzec?a koji se bave ovom eko-odgovornom inicijativom. Ova odgovornost je deo ugovora poverenja koji nas vezuje i za buduc?e generacije. Ove inicijative su deo kulture odgovornosti koja je sna\u017ena DNK znak kompanije Ceira Telecom, dodajuc?i vrednost svojoj delatnosti i zaposlenima.<\/p>\r\n<\/div><\/div><\/div><\/div><\/div>\r\n<div class=\"lddw-fullwidth\" style=\"background-color:#0a7399;color:#ffffff\"><div class=\"parallax-content lddw-row\"><div class=\"container-fluid\"><div class=\"row\"><div class=\"col-xs-12 col-lg-12 col-md-12 col-sm-12 grid\">\r\n<div class=\"text-center lddw-h2 lddw-title\"><div class=\"lddw-title-inner\" style=\"border-color:transparent\"><h2 style=\"color:#ffffff\">Podr\u0161ka dru\u0161tvenim akcijama u javnom interesu<\/h2><span class=\"sep-center sep\" style=\"background-color:#ffffff\"><\/span><\/div><\/div>\r\n<p class=\"lddw-paragraph\" style=\"color:#ffffff\">Ceira Telecom tako?e podr\u017eava dru\u0161tvene akcije kao \u0161to su :<\/p>\r\n<ul>\r\n<li>&#8222;Dans le pas d&#8217;un ange&#8220; (u koracima an?ela): Ange pati od cerebralne paralize i sindroma uzrokovane prevremeno ro?enih beba. Ova asocijacija mu omoguc?ava da primi najbolje tretmane za biofeedback u Sjedinjenim Dr\u017eavama. Udru\u017eenje se pro\u0161irio i sada poma\u017ee drugim porodicama.<\/li>\r\n<li><a class=\"lddw-white-link\" href=\"\/ceira-telecom-engage-aupres-de-frederic-sausset\/\">Fondacija  Fr\u00e9d\u00e9rique SAUSSET<\/a>\u00a0: G. Sausset, koji je imao sve amputirane ruke i noge, bio je u moguc?nosti da u?estvuje u 24 sata Le Mana, sa ciljem promovisanja socijalne i profesionalne reintegracije osoba sa invaliditetom.<\/li>\r\n<li>I jo\u0161 mnogo vi\u0161e \u2026<\/li>\r\n<\/ul>\r\n<\/div><\/div><\/div><\/div><\/div>","protected":false},"excerpt":{"rendered":"","protected":false},"author":1,"featured_media":0,"parent":574,"menu_order":0,"comment_status":"closed","ping_status":"closed","template":"page-100-width.php","meta":{"footnotes":""},"class_list":["post-581","page","type-page","status-publish","hentry"],"yoast_head":"<!-- This site is optimized with the Yoast SEO plugin v24.3 - https:\/\/yoast.com\/wordpress\/plugins\/seo\/ -->\n<title>Na\u0161e vrednosti - Ceira Telecom<\/title>\n<meta name=\"description\" content=\"Ceira Telecom, odgovorni korporativni gra\u0111anin koja u sklopu svoje kompanije sadr\u017ei Zero CO2 u svojim putovanjima i podr\u017eava dru\u0161tvene aktivnosti javnog interesa.\" \/>\n<meta name=\"robots\" content=\"index, follow, max-snippet:-1, max-image-preview:large, max-video-preview:-1\" \/>\n<link rel=\"canonical\" href=\"https:\/\/ceira-telecom.com\/notre-identite\/nos-valeurs\/\" \/>\n<meta property=\"og:locale\" content=\"sr_RS\" \/>\n<meta property=\"og:type\" content=\"article\" \/>\n<meta property=\"og:title\" content=\"Na\u0161e vrednosti - Ceira Telecom\" \/>\n<meta property=\"og:description\" content=\"Ceira Telecom, odgovorni korporativni gra\u0111anin koja u sklopu svoje kompanije sadr\u017ei Zero CO2 u svojim putovanjima i podr\u017eava dru\u0161tvene aktivnosti javnog interesa.\" \/>\n<meta property=\"og:url\" content=\"https:\/\/ceira-telecom.com\/notre-identite\/nos-valeurs\/\" \/>\n<meta property=\"og:site_name\" content=\"Ceira Telecom\" \/>\n<meta property=\"article:modified_time\" content=\"2017-11-20T09:26:15+00:00\" \/>\n<meta name=\"twitter:card\" content=\"summary_large_image\" \/>\n<meta name=\"twitter:label1\" content=\"\u041f\u0440\u043e\u0446\u0435\u045a\u0435\u043d\u043e \u0432\u0440\u0435\u043c\u0435 \u0447\u0438\u0442\u0430\u045a\u0430\" \/>\n\t<meta name=\"twitter:data1\" content=\"2 \u043c\u0438\u043d\u0443\u0442\u0430\" \/>\n<script type=\"application\/ld+json\" class=\"yoast-schema-graph\">{\"@context\":\"https:\/\/schema.org\",\"@graph\":[{\"@type\":\"WebPage\",\"@id\":\"https:\/\/ceira-telecom.com\/notre-identite\/nos-valeurs\/\",\"url\":\"https:\/\/ceira-telecom.com\/notre-identite\/nos-valeurs\/\",\"name\":\"Na\u0161e vrednosti - Ceira Telecom\",\"isPartOf\":{\"@id\":\"https:\/\/ceira-telecom.com\/#website\"},\"datePublished\":\"2017-11-20T09:19:33+00:00\",\"dateModified\":\"2017-11-20T09:26:15+00:00\",\"description\":\"Ceira Telecom, odgovorni korporativni gra\u0111anin koja u sklopu svoje kompanije sadr\u017ei Zero CO2 u svojim putovanjima i podr\u017eava dru\u0161tvene aktivnosti javnog interesa.\",\"breadcrumb\":{\"@id\":\"https:\/\/ceira-telecom.com\/notre-identite\/nos-valeurs\/#breadcrumb\"},\"inLanguage\":\"sr-RS\",\"potentialAction\":[{\"@type\":\"ReadAction\",\"target\":[\"https:\/\/ceira-telecom.com\/notre-identite\/nos-valeurs\/\"]}]},{\"@type\":\"BreadcrumbList\",\"@id\":\"https:\/\/ceira-telecom.com\/notre-identite\/nos-valeurs\/#breadcrumb\",\"itemListElement\":[{\"@type\":\"ListItem\",\"position\":1,\"name\":\"Accueil\",\"item\":\"https:\/\/ceira-telecom.com\/\"},{\"@type\":\"ListItem\",\"position\":2,\"name\":\"O NAMA\",\"item\":\"https:\/\/ceira-telecom.com\/notre-identite\/\"},{\"@type\":\"ListItem\",\"position\":3,\"name\":\"Na\u0161e vrednosti\"}]},{\"@type\":\"WebSite\",\"@id\":\"https:\/\/ceira-telecom.com\/#website\",\"url\":\"https:\/\/ceira-telecom.com\/\",\"name\":\"Ceira Telecom\",\"description\":\"\",\"publisher\":{\"@id\":\"https:\/\/ceira-telecom.com\/#organization\"},\"potentialAction\":[{\"@type\":\"SearchAction\",\"target\":{\"@type\":\"EntryPoint\",\"urlTemplate\":\"https:\/\/ceira-telecom.com\/?s={search_term_string}\"},\"query-input\":{\"@type\":\"PropertyValueSpecification\",\"valueRequired\":true,\"valueName\":\"search_term_string\"}}],\"inLanguage\":\"sr-RS\"},{\"@type\":\"Organization\",\"@id\":\"https:\/\/ceira-telecom.com\/#organization\",\"name\":\"Ceira Telecom\",\"url\":\"https:\/\/ceira-telecom.com\/\",\"logo\":{\"@type\":\"ImageObject\",\"inLanguage\":\"sr-RS\",\"@id\":\"https:\/\/ceira-telecom.com\/#\/schema\/logo\/image\/\",\"url\":\"https:\/\/ceira-telecom.com\/wp-content\/uploads\/2025\/04\/8f30a1b7-7eaa-48ff-a2b1-605415cc76fd.png\",\"contentUrl\":\"https:\/\/ceira-telecom.com\/wp-content\/uploads\/2025\/04\/8f30a1b7-7eaa-48ff-a2b1-605415cc76fd.png\",\"width\":544,\"height\":123,\"caption\":\"Ceira Telecom\"},\"image\":{\"@id\":\"https:\/\/ceira-telecom.com\/#\/schema\/logo\/image\/\"}}]}<\/script>\n<!-- \/ Yoast SEO plugin. -->","yoast_head_json":{"title":"Na\u0161e vrednosti - Ceira Telecom","description":"Ceira Telecom, odgovorni korporativni gra\u0111anin koja u sklopu svoje kompanije sadr\u017ei Zero CO2 u svojim putovanjima i podr\u017eava dru\u0161tvene aktivnosti javnog interesa.","robots":{"index":"index","follow":"follow","max-snippet":"max-snippet:-1","max-image-preview":"max-image-preview:large","max-video-preview":"max-video-preview:-1"},"canonical":"https:\/\/ceira-telecom.com\/notre-identite\/nos-valeurs\/","og_locale":"sr_RS","og_type":"article","og_title":"Na\u0161e vrednosti - Ceira Telecom","og_description":"Ceira Telecom, odgovorni korporativni gra\u0111anin koja u sklopu svoje kompanije sadr\u017ei Zero CO2 u svojim putovanjima i podr\u017eava dru\u0161tvene aktivnosti javnog interesa.","og_url":"https:\/\/ceira-telecom.com\/notre-identite\/nos-valeurs\/","og_site_name":"Ceira Telecom","article_modified_time":"2017-11-20T09:26:15+00:00","twitter_card":"summary_large_image","twitter_misc":{"\u041f\u0440\u043e\u0446\u0435\u045a\u0435\u043d\u043e \u0432\u0440\u0435\u043c\u0435 \u0447\u0438\u0442\u0430\u045a\u0430":"2 \u043c\u0438\u043d\u0443\u0442\u0430"},"schema":{"@context":"https:\/\/schema.org","@graph":[{"@type":"WebPage","@id":"https:\/\/ceira-telecom.com\/notre-identite\/nos-valeurs\/","url":"https:\/\/ceira-telecom.com\/notre-identite\/nos-valeurs\/","name":"Na\u0161e vrednosti - Ceira Telecom","isPartOf":{"@id":"https:\/\/ceira-telecom.com\/#website"},"datePublished":"2017-11-20T09:19:33+00:00","dateModified":"2017-11-20T09:26:15+00:00","description":"Ceira Telecom, odgovorni korporativni gra\u0111anin koja u sklopu svoje kompanije sadr\u017ei Zero CO2 u svojim putovanjima i podr\u017eava dru\u0161tvene aktivnosti javnog interesa.","breadcrumb":{"@id":"https:\/\/ceira-telecom.com\/notre-identite\/nos-valeurs\/#breadcrumb"},"inLanguage":"sr-RS","potentialAction":[{"@type":"ReadAction","target":["https:\/\/ceira-telecom.com\/notre-identite\/nos-valeurs\/"]}]},{"@type":"BreadcrumbList","@id":"https:\/\/ceira-telecom.com\/notre-identite\/nos-valeurs\/#breadcrumb","itemListElement":[{"@type":"ListItem","position":1,"name":"Accueil","item":"https:\/\/ceira-telecom.com\/"},{"@type":"ListItem","position":2,"name":"O NAMA","item":"https:\/\/ceira-telecom.com\/notre-identite\/"},{"@type":"ListItem","position":3,"name":"Na\u0161e vrednosti"}]},{"@type":"WebSite","@id":"https:\/\/ceira-telecom.com\/#website","url":"https:\/\/ceira-telecom.com\/","name":"Ceira Telecom","description":"","publisher":{"@id":"https:\/\/ceira-telecom.com\/#organization"},"potentialAction":[{"@type":"SearchAction","target":{"@type":"EntryPoint","urlTemplate":"https:\/\/ceira-telecom.com\/?s={search_term_string}"},"query-input":{"@type":"PropertyValueSpecification","valueRequired":true,"valueName":"search_term_string"}}],"inLanguage":"sr-RS"},{"@type":"Organization","@id":"https:\/\/ceira-telecom.com\/#organization","name":"Ceira Telecom","url":"https:\/\/ceira-telecom.com\/","logo":{"@type":"ImageObject","inLanguage":"sr-RS","@id":"https:\/\/ceira-telecom.com\/#\/schema\/logo\/image\/","url":"https:\/\/ceira-telecom.com\/wp-content\/uploads\/2025\/04\/8f30a1b7-7eaa-48ff-a2b1-605415cc76fd.png","contentUrl":"https:\/\/ceira-telecom.com\/wp-content\/uploads\/2025\/04\/8f30a1b7-7eaa-48ff-a2b1-605415cc76fd.png","width":544,"height":123,"caption":"Ceira Telecom"},"image":{"@id":"https:\/\/ceira-telecom.com\/#\/schema\/logo\/image\/"}}]}},"_links":{"self":[{"href":"https:\/\/ceira-telecom.com\/sr\/wp-json\/wp\/v2\/pages\/581","targetHints":{"allow":["GET"]}}],"collection":[{"href":"https:\/\/ceira-telecom.com\/sr\/wp-json\/wp\/v2\/pages"}],"about":[{"href":"https:\/\/ceira-telecom.com\/sr\/wp-json\/wp\/v2\/types\/page"}],"author":[{"embeddable":true,"href":"https:\/\/ceira-telecom.com\/sr\/wp-json\/wp\/v2\/users\/1"}],"replies":[{"embeddable":true,"href":"https:\/\/ceira-telecom.com\/sr\/wp-json\/wp\/v2\/comments?post=581"}],"version-history":[{"count":0,"href":"https:\/\/ceira-telecom.com\/sr\/wp-json\/wp\/v2\/pages\/581\/revisions"}],"up":[{"embeddable":true,"href":"https:\/\/ceira-telecom.com\/sr\/wp-json\/wp\/v2\/pages\/574"}],"wp:attachment":[{"href":"https:\/\/ceira-telecom.com\/sr\/wp-json\/wp\/v2\/media?parent=581"}],"curies":[{"name":"wp","href":"https:\/\/api.w.org\/{rel}","templated":true}]}}