{"id":574,"date":"2017-11-20T10:04:12","date_gmt":"2017-11-20T09:04:12","guid":{"rendered":"http:\/\/ceira-telecom.com\/?page_id=574"},"modified":"2017-11-21T09:24:04","modified_gmt":"2017-11-21T08:24:04","slug":"o-nama","status":"publish","type":"page","link":"https:\/\/ceira-telecom.com\/sr\/o-nama\/","title":{"rendered":"O NAMA"},"content":{"rendered":"<script type=\"text\/javascript\">\n\trequire(['main'], function() {\n\t\trequire(['jquery', 'shortcodes\/fullwidth', 'domReady!']);\n\t});\n<\/script>\n<div class=\"lddw-main-image lddw-parallax lddw-fullwidth\" data-parallax=\"mode:parallax speed:0.2\" style=\"height:480px;background-repeat:no-repeat;background-image:url(&#039;\/wp-content\/uploads\/2017\/10\/societe.jpg&#039;);background-position:50% -1px;background-attachment:fixed;background-size:cover\"><div class=\"parallax-content lddw-row\"><div class=\"container-fluid\"><div class=\"row\"><div class=\"col-xs-12 col-lg-12 col-md-12 col-sm-12 grid\"><h1>Ceira Telecom specijalista za radiokomunikacije i vode?i lider kontinuirane radio komunikacije u Francuskoj<\/h1><\/div><\/div><\/div><\/div><\/div>\r\n<div class=\"lddw-fullwidth\"><div class=\"parallax-content lddw-row\"><div class=\"container-fluid\"><div class=\"row\"><div class=\"col-xs-12 col-lg-12 col-md-12 col-sm-12 grid\"><div class=\"text-center lddw-h2 lddw-title\"><div class=\"lddw-title-inner\" style=\"border-color:transparent\"><h2><\/h2><span class=\"sep-center sep\"><\/span><\/div><\/div><p class=\"lddw-paragraph\">Osnovana 2012, Ceira Telecom je brzo postala vode?i lider <a href=\"\/sr\/kontinuirana-radio-komunikacija\/\">kontinuirane radio komunikacije<\/a> biznisa Francuske. Mi tako?e nudimo <a href=\"\/sr\/privatni-radio\/\">privatne radio<\/a> usluge sa mogu?no\u0161?u <a href=\"\/sr\/privatni-radio\/#mutualisation\">deljenja Va\u0161e kontinuirane radio komunikacijske opreme<\/a> da zadr\u017ei tro\u0161kove. (npr : privatni internet radio Motorola ili Airbus-DS : PTI DMR ili tetra internet).<\/p>\r\n<\/div><\/div><\/div><\/div><\/div>\r\n<div id=\"cle-en-main\" class=\"lddw-fullwidth\" style=\"background-color:#0a7399;color:#ffffff\"><div class=\"parallax-content lddw-row\"><div class=\"container-fluid\"><div class=\"row\"><div class=\"col-xs-12 col-lg-12 col-md-12 col-sm-12 grid\">\r\n<div class=\"text-center lddw-h2 lddw-title\"><div class=\"lddw-title-inner\" style=\"border-color:transparent\"><h2 style=\"color:#ffffff\">Vi\u0161e ve\u0161tina za projekat usluge &#8222;klju? u ruke&#8220;<\/h2><span class=\"sep-center sep\" style=\"background-color:#ffffff\"><\/span><\/div><\/div>\r\n<p class=\"lddw-paragraph\" style=\"color:#ffffff\">Kao tehni?ki stru?njaci i menad\u017eeri projekta, na\u0161a \u0161iroka sposobnost nam omoguc?ava da Vam pru\u017eimo usluge na \u2018<strong>klju?<\/strong>\u2019. Jednostavno objasnite nam svoj problem i mi c?emo u?initi sve:<\/p>\r\n<ul>\r\n<li>Merenje uskla?enosti<\/li>\r\n<li>In\u017eenjerske studije i paketi<\/li>\r\n<li>Administrativne validacije<\/li>\r\n<li>Radovi (instalacije i merenja)<\/li>\r\n<li>Maintenance et \u00e9volutivit\u00e9<\/li>\r\n<\/ul><p class=\"lddw-paragraph\" style=\"font-size:1.2em\"><strong>Sa Ceira Telecom, mo\u017eete se ose?ati sigurno !<\/strong><\/p>\r\n<\/div><\/div><\/div><\/div><\/div>\r\n<div class=\"lddw-fullwidth\"><div class=\"parallax-content lddw-row\"><div class=\"container-fluid\"><div class=\"row\"><div class=\"col-xs-12 col-lg-12 col-md-12 col-sm-12 grid\"><div class=\"text-center lddw-h2 lddw-title\"><div class=\"lddw-title-inner\" style=\"border-color:transparent\"><h2>Efikasnost u slu\u017eenju na\u0161ih kupaca<\/h2><span class=\"sep-center sep\"><\/span><\/div><\/div><p class=\"lddw-paragraph\">Efikasnost je jedna od na\u0161ih glavnih prioriteta. Koristimo najbolje raspolo\u017eive tehnologije dok poku\u0161avamo da racionalizujemo tro\u0161kove. Na primer, nudimo na\u0161im kupcima moguc?nost deljenja svoje opreme, ?ime ih u\u0161te?ujemo od 20 do 60% tro\u0161kova. Na\u0161a stalna potraga za efikasno\u0161c?u i kvalitetom dovela nas je do uspostavljanja veza sa renomiranim partnerima. Tako je <a href=\"\/sr\/kontinuirana-radio-komunikacija\/#solution-passive\">pasivna kutija<\/a> postala <a href=\"\/sr\/un-partenariat-privilegie-avec-airbus-ds-slc\/\">zajedni?kim razvojem sa Airbus DS SCL<\/a> najbolja, najjeftinija kutija na tr\u017ei\u0161tu.<\/p>\r\n<\/div><\/div><\/div><\/div><\/div>\r\n<div class=\"lddw-fullwidth\" style=\"background-color:#0a7399;color:#ffffff\"><div class=\"parallax-content lddw-row\"><div class=\"container-fluid\"><div class=\"row\"><div class=\"col-xs-12 col-lg-12 col-md-12 col-sm-12 grid\">\r\n<div class=\"text-center lddw-h2 lddw-title\"><div class=\"lddw-title-inner\" style=\"border-color:transparent\"><h2 style=\"color:#ffffff\">Zadovoljstvo klijenata je glavni prioritet<\/h2><span class=\"sep-center sep\" style=\"background-color:#ffffff\"><\/span><\/div><\/div>\r\n<p class=\"lddw-paragraph\" style=\"color:#ffffff\">Ceira Telecom pridaje poseban zna?aj zadovoljstvu svojih kupaca. Svaki projekat je jedinstven i zaslu\u017euje posebnu pa\u017enju. Mi imamo odnos poverenja sa svim na\u0161im kupcima i radimo potpuno transparentno. Na\u0161a reaktivnost je tako?e deo va\u0161eg zadovoljstva! <\/p>\r\n<\/div><\/div><\/div><\/div><\/div>\r\n<div class=\"lddw-fullwidth\"><div class=\"parallax-content lddw-row\"><div class=\"container-fluid\"><div class=\"row\"><div class=\"col-xs-12 col-lg-12 col-md-12 col-sm-12 grid\"><div class=\"text-center lddw-h2 lddw-title\"><div class=\"lddw-title-inner\" style=\"border-color:transparent\"><h2>Odli?ni rezultati<\/h2><span class=\"sep-center sep\"><\/span><\/div><\/div><p class=\"lddw-paragraph\">Ceira Telecom ima brojne dobre preporuke, uklju?ujuc?i, na primer, kontinuiranu radio komunikaciju na vec?ini lokacija Indigo, svim sajtovima K Parka, brojnim drugim parkirali\u0161tima (Urbis Park, Parcub, Lion Parc Auto itd.), muzeji i razne javne zgrade. Ceira Telecom je tehni?ki stru?njak i rukovodilac projekta za dobar broj administrativnih vlasti (Evian, Anneci, itd.). Pogledajte sva na\u0161a dostignuc?a na na\u0161oj <a href=\"\/sr\/napomene\/\">interaktivnoj mapi<\/a>.<\/p>\r\n<\/div><\/div><\/div><\/div><\/div>\r\n\r\n","protected":false},"excerpt":{"rendered":"","protected":false},"author":1,"featured_media":0,"parent":0,"menu_order":0,"comment_status":"closed","ping_status":"closed","template":"page-100-width.php","meta":{"footnotes":""},"class_list":["post-574","page","type-page","status-publish","hentry"],"yoast_head":"<!-- This site is optimized with the Yoast SEO plugin v24.3 - https:\/\/yoast.com\/wordpress\/plugins\/seo\/ -->\n<title>Radiokomunikacija - Ceira Telecom<\/title>\n<meta name=\"description\" content=\"Ceira Telecom, stru\u010dnjak za radiokomunikaciju nudi uslugu &quot;klju\u010d u ruke&#039;&#039;, gde su efikasnost i kvalitet u centru pa\u017enje.\" \/>\n<meta name=\"robots\" content=\"index, follow, max-snippet:-1, max-image-preview:large, max-video-preview:-1\" \/>\n<link rel=\"canonical\" href=\"https:\/\/ceira-telecom.com\/notre-identite\/\" \/>\n<meta property=\"og:locale\" content=\"sr_RS\" \/>\n<meta property=\"og:type\" content=\"article\" \/>\n<meta property=\"og:title\" content=\"Radiokomunikacija - Ceira Telecom\" \/>\n<meta property=\"og:description\" content=\"Ceira Telecom, stru\u010dnjak za radiokomunikaciju nudi uslugu &quot;klju\u010d u ruke&#039;&#039;, gde su efikasnost i kvalitet u centru pa\u017enje.\" \/>\n<meta property=\"og:url\" content=\"https:\/\/ceira-telecom.com\/notre-identite\/\" \/>\n<meta property=\"og:site_name\" content=\"Ceira Telecom\" \/>\n<meta property=\"article:modified_time\" content=\"2017-11-21T08:24:04+00:00\" \/>\n<meta name=\"twitter:card\" content=\"summary_large_image\" \/>\n<meta name=\"twitter:label1\" content=\"\u041f\u0440\u043e\u0446\u0435\u045a\u0435\u043d\u043e \u0432\u0440\u0435\u043c\u0435 \u0447\u0438\u0442\u0430\u045a\u0430\" \/>\n\t<meta name=\"twitter:data1\" content=\"2 \u043c\u0438\u043d\u0443\u0442\u0430\" \/>\n<script type=\"application\/ld+json\" class=\"yoast-schema-graph\">{\"@context\":\"https:\/\/schema.org\",\"@graph\":[{\"@type\":\"WebPage\",\"@id\":\"https:\/\/ceira-telecom.com\/notre-identite\/\",\"url\":\"https:\/\/ceira-telecom.com\/notre-identite\/\",\"name\":\"Radiokomunikacija - Ceira Telecom\",\"isPartOf\":{\"@id\":\"https:\/\/ceira-telecom.com\/#website\"},\"datePublished\":\"2017-11-20T09:04:12+00:00\",\"dateModified\":\"2017-11-21T08:24:04+00:00\",\"description\":\"Ceira Telecom, stru\u010dnjak za radiokomunikaciju nudi uslugu \\\"klju\u010d u ruke'', gde su efikasnost i kvalitet u centru pa\u017enje.\",\"breadcrumb\":{\"@id\":\"https:\/\/ceira-telecom.com\/notre-identite\/#breadcrumb\"},\"inLanguage\":\"sr-RS\",\"potentialAction\":[{\"@type\":\"ReadAction\",\"target\":[\"https:\/\/ceira-telecom.com\/notre-identite\/\"]}]},{\"@type\":\"BreadcrumbList\",\"@id\":\"https:\/\/ceira-telecom.com\/notre-identite\/#breadcrumb\",\"itemListElement\":[{\"@type\":\"ListItem\",\"position\":1,\"name\":\"Accueil\",\"item\":\"https:\/\/ceira-telecom.com\/\"},{\"@type\":\"ListItem\",\"position\":2,\"name\":\"O NAMA\"}]},{\"@type\":\"WebSite\",\"@id\":\"https:\/\/ceira-telecom.com\/#website\",\"url\":\"https:\/\/ceira-telecom.com\/\",\"name\":\"Ceira Telecom\",\"description\":\"\",\"publisher\":{\"@id\":\"https:\/\/ceira-telecom.com\/#organization\"},\"potentialAction\":[{\"@type\":\"SearchAction\",\"target\":{\"@type\":\"EntryPoint\",\"urlTemplate\":\"https:\/\/ceira-telecom.com\/?s={search_term_string}\"},\"query-input\":{\"@type\":\"PropertyValueSpecification\",\"valueRequired\":true,\"valueName\":\"search_term_string\"}}],\"inLanguage\":\"sr-RS\"},{\"@type\":\"Organization\",\"@id\":\"https:\/\/ceira-telecom.com\/#organization\",\"name\":\"Ceira Telecom\",\"url\":\"https:\/\/ceira-telecom.com\/\",\"logo\":{\"@type\":\"ImageObject\",\"inLanguage\":\"sr-RS\",\"@id\":\"https:\/\/ceira-telecom.com\/#\/schema\/logo\/image\/\",\"url\":\"https:\/\/ceira-telecom.com\/wp-content\/uploads\/2025\/04\/8f30a1b7-7eaa-48ff-a2b1-605415cc76fd.png\",\"contentUrl\":\"https:\/\/ceira-telecom.com\/wp-content\/uploads\/2025\/04\/8f30a1b7-7eaa-48ff-a2b1-605415cc76fd.png\",\"width\":544,\"height\":123,\"caption\":\"Ceira Telecom\"},\"image\":{\"@id\":\"https:\/\/ceira-telecom.com\/#\/schema\/logo\/image\/\"}}]}<\/script>\n<!-- \/ Yoast SEO plugin. -->","yoast_head_json":{"title":"Radiokomunikacija - Ceira Telecom","description":"Ceira Telecom, stru\u010dnjak za radiokomunikaciju nudi uslugu \"klju\u010d u ruke'', gde su efikasnost i kvalitet u centru pa\u017enje.","robots":{"index":"index","follow":"follow","max-snippet":"max-snippet:-1","max-image-preview":"max-image-preview:large","max-video-preview":"max-video-preview:-1"},"canonical":"https:\/\/ceira-telecom.com\/notre-identite\/","og_locale":"sr_RS","og_type":"article","og_title":"Radiokomunikacija - Ceira Telecom","og_description":"Ceira Telecom, stru\u010dnjak za radiokomunikaciju nudi uslugu \"klju\u010d u ruke'', gde su efikasnost i kvalitet u centru pa\u017enje.","og_url":"https:\/\/ceira-telecom.com\/notre-identite\/","og_site_name":"Ceira Telecom","article_modified_time":"2017-11-21T08:24:04+00:00","twitter_card":"summary_large_image","twitter_misc":{"\u041f\u0440\u043e\u0446\u0435\u045a\u0435\u043d\u043e \u0432\u0440\u0435\u043c\u0435 \u0447\u0438\u0442\u0430\u045a\u0430":"2 \u043c\u0438\u043d\u0443\u0442\u0430"},"schema":{"@context":"https:\/\/schema.org","@graph":[{"@type":"WebPage","@id":"https:\/\/ceira-telecom.com\/notre-identite\/","url":"https:\/\/ceira-telecom.com\/notre-identite\/","name":"Radiokomunikacija - Ceira Telecom","isPartOf":{"@id":"https:\/\/ceira-telecom.com\/#website"},"datePublished":"2017-11-20T09:04:12+00:00","dateModified":"2017-11-21T08:24:04+00:00","description":"Ceira Telecom, stru\u010dnjak za radiokomunikaciju nudi uslugu \"klju\u010d u ruke'', gde su efikasnost i kvalitet u centru pa\u017enje.","breadcrumb":{"@id":"https:\/\/ceira-telecom.com\/notre-identite\/#breadcrumb"},"inLanguage":"sr-RS","potentialAction":[{"@type":"ReadAction","target":["https:\/\/ceira-telecom.com\/notre-identite\/"]}]},{"@type":"BreadcrumbList","@id":"https:\/\/ceira-telecom.com\/notre-identite\/#breadcrumb","itemListElement":[{"@type":"ListItem","position":1,"name":"Accueil","item":"https:\/\/ceira-telecom.com\/"},{"@type":"ListItem","position":2,"name":"O NAMA"}]},{"@type":"WebSite","@id":"https:\/\/ceira-telecom.com\/#website","url":"https:\/\/ceira-telecom.com\/","name":"Ceira Telecom","description":"","publisher":{"@id":"https:\/\/ceira-telecom.com\/#organization"},"potentialAction":[{"@type":"SearchAction","target":{"@type":"EntryPoint","urlTemplate":"https:\/\/ceira-telecom.com\/?s={search_term_string}"},"query-input":{"@type":"PropertyValueSpecification","valueRequired":true,"valueName":"search_term_string"}}],"inLanguage":"sr-RS"},{"@type":"Organization","@id":"https:\/\/ceira-telecom.com\/#organization","name":"Ceira Telecom","url":"https:\/\/ceira-telecom.com\/","logo":{"@type":"ImageObject","inLanguage":"sr-RS","@id":"https:\/\/ceira-telecom.com\/#\/schema\/logo\/image\/","url":"https:\/\/ceira-telecom.com\/wp-content\/uploads\/2025\/04\/8f30a1b7-7eaa-48ff-a2b1-605415cc76fd.png","contentUrl":"https:\/\/ceira-telecom.com\/wp-content\/uploads\/2025\/04\/8f30a1b7-7eaa-48ff-a2b1-605415cc76fd.png","width":544,"height":123,"caption":"Ceira Telecom"},"image":{"@id":"https:\/\/ceira-telecom.com\/#\/schema\/logo\/image\/"}}]}},"_links":{"self":[{"href":"https:\/\/ceira-telecom.com\/sr\/wp-json\/wp\/v2\/pages\/574","targetHints":{"allow":["GET"]}}],"collection":[{"href":"https:\/\/ceira-telecom.com\/sr\/wp-json\/wp\/v2\/pages"}],"about":[{"href":"https:\/\/ceira-telecom.com\/sr\/wp-json\/wp\/v2\/types\/page"}],"author":[{"embeddable":true,"href":"https:\/\/ceira-telecom.com\/sr\/wp-json\/wp\/v2\/users\/1"}],"replies":[{"embeddable":true,"href":"https:\/\/ceira-telecom.com\/sr\/wp-json\/wp\/v2\/comments?post=574"}],"version-history":[{"count":0,"href":"https:\/\/ceira-telecom.com\/sr\/wp-json\/wp\/v2\/pages\/574\/revisions"}],"wp:attachment":[{"href":"https:\/\/ceira-telecom.com\/sr\/wp-json\/wp\/v2\/media?parent=574"}],"curies":[{"name":"wp","href":"https:\/\/api.w.org\/{rel}","templated":true}]}}